{"id":6138,"date":"2022-11-24T10:07:13","date_gmt":"2022-11-24T09:07:13","guid":{"rendered":"https:\/\/babygen.wpenginepowered.com\/doporuceni\/"},"modified":"2024-07-01T16:14:49","modified_gmt":"2024-07-01T15:14:49","slug":"doporuceni","status":"publish","type":"page","link":"https:\/\/babygen.sk\/cs\/doporuceni\/","title":{"rendered":"Doporu\u010den\u00ed"},"content":{"rendered":"<section class=\"l-section wpb_row us_custom_bda4c853 trisomy_header_subpage height_medium\"><div class=\"l-section-h i-cf\"><div class=\"g-cols vc_row via_grid cols_1 laptops-cols_inherit tablets-cols_inherit mobiles-cols_1 valign_top type_default\"><div class=\"wpb_column vc_column_container\"><div class=\"vc_column-inner\"><div class=\"wpb_text_column us_custom_d572b416 has_text_color us_animate_this\"><div class=\"wpb_wrapper\"><p><strong>Chlapec nebo d\u00edvka?<\/strong><\/p>\n<\/div><\/div><div class=\"wpb_text_column us_custom_f1ac6179\"><div class=\"wpb_wrapper\"><p>Genetick\u00fd test BabyGen ji\u017e vyzkou\u0161ely stovky rodi\u010d\u016f. Maj\u00ed r\u016fzn\u00e9 motivace, ale shoduj\u00ed se na tom, \u017ee test je spolehliv\u00fd a v\u00fdsledky jsou k dispozici velmi rychle.<\/p>\n<\/div><\/div><div class=\"w-image circle_left align_none\"><div class=\"w-image-h\"><img decoding=\"async\" src=\"https:\/\/babygen.sk\/wp-content\/uploads\/2022\/11\/Ellipse-1853_blue.svg\" class=\"attachment-full size-full\" alt=\"\" \/><\/div><\/div><div class=\"w-image circle_mid align_none\"><div class=\"w-image-h\"><img decoding=\"async\" src=\"https:\/\/babygen.sk\/wp-content\/uploads\/2022\/11\/Ellipse-1852_blue.svg\" class=\"attachment-full size-full\" alt=\"\" \/><\/div><\/div><div class=\"w-image circle_right align_none\"><div class=\"w-image-h\"><img decoding=\"async\" src=\"https:\/\/babygen.sk\/wp-content\/uploads\/2022\/11\/Ellipse-1853_blue.svg\" class=\"attachment-full size-full\" alt=\"\" \/><\/div><\/div><\/div><\/div><\/div><\/div><\/section><section class=\"l-section wpb_row us_custom_60e9caca us_animate_this height_medium\"><div class=\"l-section-h i-cf\"><div class=\"g-cols vc_row via_grid cols_1 laptops-cols_inherit tablets-cols_inherit mobiles-cols_1 valign_top type_default\"><div class=\"wpb_column vc_column_container\"><div class=\"vc_column-inner\"><div class=\"wpb_text_column us_custom_5f10f00d us_animate_this\"><div class=\"wpb_wrapper\"><h2 class=\"featured-reference__title\" style=\"text-align: center;\">Zku\u0161enosti lid\u00ed<\/h2>\n<\/div><\/div><div id=\"ult-carousel-170164770369d51353ae30a\" class=\"ult-carousel-wrapper  trisomy_slider ult_horizontal\" data-gutter=\"15\" data-rtl=\"false\" ><div class=\"ult-carousel-129291557069d51353ae282 \" ><div class=\"ult-item-wrap\" data-animation=\"animated no-animation\"><div class=\"g-cols wpb_row us_custom_4f953b7d via_grid cols_1 laptops-cols_inherit tablets-cols_inherit mobiles-cols_1 valign_middle type_default\" style=\"grid-gap:0;\"><div class=\"ult-item-wrap\" data-animation=\"animated no-animation\"><div class=\"wpb_column vc_column_container\"><div class=\"vc_column-inner\"><div class=\"ult-item-wrap\" data-animation=\"animated no-animation\"><div class=\"wpb_text_column\"><div class=\"wpb_wrapper\"><p>&#8222;Kdy\u017e jsem se p\u0159ed p\u011bti lety ve 12. t\u00fddnu t\u011bhotenstv\u00ed zeptala gynekolo\u017eky na ultrazvukov\u00e9m vy\u0161et\u0159en\u00ed, jestli to bude kluk, nebo holka, pod\u00edvala se na m\u011b, jako bych byla z jin\u00e9 planety. \u0158ekla, \u017ee je to docela nevhodn\u00e1 ot\u00e1zka v t\u00e9to f\u00e1zi t\u011bhotenstv\u00ed, proto\u017ee by pr\u00fd musela m\u00edt z\u00e1zra\u010dnou kouli. Skv\u011bl\u00e1 zpr\u00e1va pro budouc\u00ed maminky je, \u017ee tohle u\u017e je minulost.&#8220;<\/p>\n<\/div><\/div><\/div><div class=\"ult-item-wrap\" data-animation=\"animated no-animation\"><div class=\"wpb_text_column us_custom_624d44ab has_text_color\"><div class=\"wpb_wrapper\"><p>Ren\u00e1ta, 33 let.<br \/>\nNov\u00e1 Dubnica<\/p>\n<\/div><\/div><\/div><\/div><\/div><\/div><\/div><\/div><div class=\"ult-item-wrap\" data-animation=\"animated no-animation\"><div class=\"g-cols wpb_row us_custom_4f953b7d via_grid cols_1 laptops-cols_inherit tablets-cols_inherit mobiles-cols_1 valign_middle type_default\" style=\"grid-gap:0;\"><div class=\"ult-item-wrap\" data-animation=\"animated no-animation\"><div class=\"wpb_column vc_column_container\"><div class=\"vc_column-inner\"><div class=\"ult-item-wrap\" data-animation=\"animated no-animation\"><div class=\"wpb_text_column\"><div class=\"wpb_wrapper\"><p>&#8222;M\u00e1me \u010dty\u0159i syny a j\u00e1 jsem si moc p\u0159\u00e1la hol\u010di\u010dku. Nedok\u00e1zala jsem si p\u0159edstavit, \u017ee bych \u010dekala 9 m\u011bs\u00edc\u016f, abych se dozv\u011bd\u011bla, jak to je &#8211; koneckonc\u016f, na ultrazvuku se to n\u011bkdy ned\u00e1 \u0159\u00edct na 100 %. Z v\u00fdsledk\u016f test\u016f jsem byla velmi nad\u0161en\u00e1. Narodila se princezna!&#8220;<\/p>\n<\/div><\/div><\/div><div class=\"ult-item-wrap\" data-animation=\"animated no-animation\"><div class=\"wpb_text_column us_custom_624d44ab has_text_color\"><div class=\"wpb_wrapper\"><p>Eduard, 29 let.<br \/>\nBratislava<\/p>\n<\/div><\/div><\/div><\/div><\/div><\/div><\/div><\/div><div class=\"ult-item-wrap\" data-animation=\"animated no-animation\"><div class=\"g-cols wpb_row us_custom_4f953b7d via_grid cols_1 laptops-cols_inherit tablets-cols_inherit mobiles-cols_1 valign_middle type_default\" style=\"grid-gap:0;\"><div class=\"ult-item-wrap\" data-animation=\"animated no-animation\"><div class=\"wpb_column vc_column_container\"><div class=\"vc_column-inner\"><div class=\"ult-item-wrap\" data-animation=\"animated no-animation\"><div class=\"wpb_text_column\"><div class=\"wpb_wrapper\"><p>&#8222;Nedok\u00e1zala jsem si p\u0159edstavit, \u017ee bych \u010dekala na ultrazvuk. Rozhodl jsem se (jen tak ze zv\u011bdavosti), \u017ee prost\u011b chci v\u011bd\u011bt, co n\u00e1s \u010dek\u00e1, a to co nejd\u0159\u00edve! P\u0159\u00edjemn\u00fdm p\u0159ekvapen\u00edm bylo, \u017ee v\u00fdsledky test\u016f se mi z laborato\u0159e vr\u00e1tily velmi rychle. Mohli jsme se tak na na\u0161i Lucii opravdu dokonale p\u0159ipravit.&#8220;<\/p>\n<\/div><\/div><\/div><div class=\"ult-item-wrap\" data-animation=\"animated no-animation\"><div class=\"wpb_text_column us_custom_624d44ab has_text_color\"><div class=\"wpb_wrapper\"><p>Zuzana, 31 let.<br \/>\n\u017dilina<\/p>\n<\/div><\/div><\/div><\/div><\/div><\/div><\/div><\/div><\/div><\/div>\t\t\t<script type=\"text\/javascript\">\r\n\t\t\t\tjQuery(document).ready(function ($) {\r\n\t\t\t\t\tif( typeof jQuery('.ult-carousel-129291557069d51353ae282').slick == \"function\"){\r\n\t\t\t\t\t\t$('.ult-carousel-129291557069d51353ae282').slick({dots: true,autoplay: true,autoplaySpeed: 5000,speed: 300,infinite: true,arrows: true,nextArrow: '<button type=\"button\" role=\"button\" aria-label=\"Next\" style=\"color:#433249; font-size:11px;background:#ffffff;\" class=\"slick-next circle-bg\"><i class=\"ultsl-arrow-right6\"><\/i><\/button>',prevArrow: '<button type=\"button\" role=\"button\" aria-label=\"Previous\" style=\"color:#433249; font-size:11px;background:#ffffff;\" class=\"slick-prev circle-bg\"><i class=\"ultsl-arrow-left6\"><\/i><\/button>',slidesToScroll:1,slidesToShow:1,swipe: true,draggable: true,touchMove: true,pauseOnHover: true,pauseOnFocus: false,responsive: [\r\n\t\t\t\t\t\t\t{\r\n\t\t\t\t\t\t\t  breakpoint: 1026,\r\n\t\t\t\t\t\t\t  settings: {\r\n\t\t\t\t\t\t\t\tslidesToShow: 1,\r\n\t\t\t\t\t\t\t\tslidesToScroll: 1,  \r\n\t\t\t\t\t\t\t  }\r\n\t\t\t\t\t\t\t},\r\n\t\t\t\t\t\t\t{\r\n\t\t\t\t\t\t\t  breakpoint: 1025,\r\n\t\t\t\t\t\t\t  settings: {\r\n\t\t\t\t\t\t\t\tslidesToShow: 1,\r\n\t\t\t\t\t\t\t\tslidesToScroll: 1\r\n\t\t\t\t\t\t\t  }\r\n\t\t\t\t\t\t\t},\r\n\t\t\t\t\t\t\t{\r\n\t\t\t\t\t\t\t  breakpoint: 760,\r\n\t\t\t\t\t\t\t  settings: {\r\n\t\t\t\t\t\t\t\tslidesToShow: 1,\r\n\t\t\t\t\t\t\t\tslidesToScroll: 1\r\n\t\t\t\t\t\t\t  }\r\n\t\t\t\t\t\t\t}\r\n\t\t\t\t\t\t],pauseOnDotsHover: true,customPaging: function(slider, i) {\r\n                   return '<i type=\"button\" style= \"color:#333333;\" class=\"ultsl-stop\" data-role=\"none\"><\/i>';\r\n                },});\r\n\t\t\t\t\t}\r\n\t\t\t\t});\r\n\t\t\t<\/script>\r\n\t\t\t<\/div><\/div><\/div><\/div><\/section>\n","protected":false},"excerpt":{"rendered":"Chlapec nebo d\u00edvka? Genetick\u00fd test BabyGen ji\u017e vyzkou\u0161ely stovky rodi\u010d\u016f. Maj\u00ed r\u016fzn\u00e9 motivace, ale shoduj\u00ed se na tom, \u017ee test je spolehliv\u00fd a v\u00fdsledky jsou k dispozici velmi rychle. Zku\u0161enosti lid\u00ed &#8222;Kdy\u017e jsem se p\u0159ed p\u011bti lety ve 12. t\u00fddnu t\u011bhotenstv\u00ed zeptala gynekolo\u017eky na ultrazvukov\u00e9m vy\u0161et\u0159en\u00ed, jestli to bude kluk, nebo holka, pod\u00edvala se na...","protected":false},"author":1,"featured_media":0,"parent":0,"menu_order":0,"comment_status":"closed","ping_status":"closed","template":"","meta":{"inline_featured_image":false,"footnotes":""},"class_list":["post-6138","page","type-page","status-publish","hentry"],"acf":[],"_links":{"self":[{"href":"https:\/\/babygen.sk\/cs\/wp-json\/wp\/v2\/pages\/6138","targetHints":{"allow":["GET"]}}],"collection":[{"href":"https:\/\/babygen.sk\/cs\/wp-json\/wp\/v2\/pages"}],"about":[{"href":"https:\/\/babygen.sk\/cs\/wp-json\/wp\/v2\/types\/page"}],"author":[{"embeddable":true,"href":"https:\/\/babygen.sk\/cs\/wp-json\/wp\/v2\/users\/1"}],"replies":[{"embeddable":true,"href":"https:\/\/babygen.sk\/cs\/wp-json\/wp\/v2\/comments?post=6138"}],"version-history":[{"count":0,"href":"https:\/\/babygen.sk\/cs\/wp-json\/wp\/v2\/pages\/6138\/revisions"}],"wp:attachment":[{"href":"https:\/\/babygen.sk\/cs\/wp-json\/wp\/v2\/media?parent=6138"}],"curies":[{"name":"wp","href":"https:\/\/api.w.org\/{rel}","templated":true}]}}