{"id":6141,"date":"2022-10-21T10:02:59","date_gmt":"2022-10-21T09:02:59","guid":{"rendered":"https:\/\/babygen.wpenginepowered.com\/jak-to-funguje\/"},"modified":"2024-07-02T12:33:44","modified_gmt":"2024-07-02T11:33:44","slug":"jak-to-funguje","status":"publish","type":"page","link":"https:\/\/babygen.sk\/cs\/jak-to-funguje\/","title":{"rendered":"Jak to funguje"},"content":{"rendered":"<section class=\"l-section wpb_row us_custom_9f9443ed trisomy_header_subpage height_medium\"><div class=\"l-section-h i-cf\"><div class=\"g-cols vc_row via_grid cols_1 laptops-cols_inherit tablets-cols_inherit mobiles-cols_1 valign_top type_default\"><div class=\"wpb_column vc_column_container\"><div class=\"vc_column-inner\"><div class=\"wpb_text_column us_custom_3177fd38 has_text_color\"><div class=\"wpb_wrapper\"><h1>Rychl\u00e9 a spolehliv\u00e9 testov\u00e1n\u00ed<\/h1>\n<\/div><\/div><div class=\"wpb_text_column us_custom_18da16ea has_text_color\"><div class=\"wpb_wrapper\"><p style=\"text-align: center;\">Pohlav\u00ed d\u00edt\u011bte bylo ur\u010deno podle chromozom\u016f ve spermi\u00edch p\u0159i po\u010det\u00ed. Test BabyGen zn\u00e1 odpov\u011b\u010f na ot\u00e1zku, jak to dopadlo.<\/p>\n<\/div><\/div><div class=\"w-image circle_left align_none\"><div class=\"w-image-h\"><img decoding=\"async\" src=\"https:\/\/babygen.sk\/wp-content\/uploads\/2022\/11\/Ellipse-1854_blue.svg\" class=\"attachment-full size-full\" alt=\"\" \/><\/div><\/div><div class=\"w-image circle_mid align_none\"><div class=\"w-image-h\"><img decoding=\"async\" src=\"https:\/\/babygen.sk\/wp-content\/uploads\/2022\/11\/Ellipse-1852_blue.svg\" class=\"attachment-full size-full\" alt=\"\" \/><\/div><\/div><div class=\"w-image circle_right align_none\"><div class=\"w-image-h\"><img decoding=\"async\" src=\"https:\/\/babygen.sk\/wp-content\/uploads\/2022\/11\/Ellipse-1853_blue.svg\" class=\"attachment-full size-full\" alt=\"\" \/><\/div><\/div><\/div><\/div><\/div><\/div><\/section><section class=\"l-section wpb_row height_medium\"><div class=\"l-section-h i-cf\"><div class=\"g-cols vc_row via_grid cols_1 laptops-cols_inherit tablets-cols_inherit mobiles-cols_1 valign_top type_default\"><div class=\"wpb_column vc_column_container\"><div class=\"vc_column-inner\"><div class=\"g-cols wpb_row us_custom_d4332a29 us_animate_this via_grid cols_custom laptops-cols_inherit tablets-cols_inherit mobiles-cols_1 valign_middle type_default\" style=\"--custom-columns:0.5fr 4fr 5fr \"><div class=\"wpb_column vc_column_container\"><div class=\"vc_column-inner\"><div class=\"w-image us_custom_19b5585a align_none\"><div class=\"w-image-h\"><img decoding=\"async\" src=\"https:\/\/babygen.sk\/wp-content\/uploads\/2024\/06\/Group.svg\" class=\"attachment-full size-full\" alt=\"ikona injekcia\" \/><\/div><\/div><\/div><\/div><div class=\"wpb_column vc_column_container\"><div class=\"vc_column-inner\"><div class=\"wpb_text_column us_custom_a4f5c92d has_text_color\"><div class=\"wpb_wrapper\"><p><span style=\"color: #0098cf;\">1.<\/span> Odb\u011br krve v ordinaci l\u00e9ka\u0159e<\/p>\n<\/div><\/div><\/div><\/div><div class=\"wpb_column vc_column_container\"><div class=\"vc_column-inner\"><div class=\"wpb_text_column us_custom_d4aebad7\"><div class=\"wpb_wrapper\"><p>Vzorek krve pro test BabyGen odeb\u00edr\u00e1 zdravotn\u00ed sestra <b>b\u011b\u017en\u00fdm zp\u016fsobem &#8211; odeb\u00edr\u00e1 krev ze \u017e\u00edly<\/b> na p\u0159edlokt\u00ed <b>t\u011bhotn\u00e9 \u017eeny<\/b>, co\u017e nep\u0159edstavuje \u017e\u00e1dn\u00e9 zdravotn\u00ed riziko pro matku ani jej\u00ed plod. <b>Je mo\u017en\u00e9 odstoupit od 10. t\u00fdden t\u011bhotenstv\u00ed<\/b> a nemus\u00ed se postit. <strong><a href=\"https:\/\/babygen.wpenginepowered.com\/cs\/kam-jit-na-vysetreni\/\" rel=\"noopener\">Kam j\u00edt na vy\u0161et\u0159en\u00ed?<\/a><\/strong><\/p>\n<\/div><\/div><\/div><\/div><\/div><div class=\"g-cols wpb_row us_custom_d4332a29 us_animate_this via_grid cols_custom laptops-cols_inherit tablets-cols_inherit mobiles-cols_1 valign_middle type_default\" style=\"--custom-columns:0.5fr 4fr 5fr \"><div class=\"wpb_column vc_column_container\"><div class=\"vc_column-inner\"><div class=\"w-image us_custom_19b5585a align_none\"><div class=\"w-image-h\"><img decoding=\"async\" src=\"https:\/\/babygen.sk\/wp-content\/uploads\/2024\/06\/Group-31.svg\" class=\"attachment-full size-full\" alt=\"ikona platba\" \/><\/div><\/div><\/div><\/div><div class=\"wpb_column vc_column_container\"><div class=\"vc_column-inner\"><div class=\"wpb_text_column us_custom_a4f5c92d has_text_color\"><div class=\"wpb_wrapper\"><p><span style=\"color: #0098cf;\">2.<\/span> Platba za test<\/p>\n<\/div><\/div><\/div><\/div><div class=\"wpb_column vc_column_container\"><div class=\"vc_column-inner\"><div class=\"wpb_text_column us_custom_d4aebad7\"><div class=\"wpb_wrapper\"><p>Po dohod\u011b s l\u00e9ka\u0159em m\u016f\u017eete za vy\u0161et\u0159en\u00ed zaplatit bu\u010f p\u0159\u00edmo v ordinaci l\u00e9ka\u0159e, nebo bankovn\u00edm p\u0159evodem \u010di kreditn\u00ed kartou na \u00fa\u010det laborato\u0159e prost\u0159ednictv\u00edm <a href=\"http:\/\/www.medirexplatby.sk\/\" target=\"_blank\" rel=\"noopener\">www.medirexplatby.sk<\/a>. <strong><br \/>\n<a href=\"http:\/\/www.medirexplatby.sk\/\" rel=\"noopener\">Platba za test<\/a><br \/>\n<\/strong><\/p>\n<p><b>Cena testu BabyGen je 120 \u20ac v\u010detn\u011b DPH. <\/b><\/p>\n<\/div><\/div><\/div><\/div><\/div><div class=\"g-cols wpb_row us_custom_d4332a29 us_animate_this via_grid cols_custom laptops-cols_inherit tablets-cols_inherit mobiles-cols_1 valign_middle type_default\" style=\"--custom-columns:0.5fr 4fr 5fr \"><div class=\"wpb_column vc_column_container\"><div class=\"vc_column-inner\"><div class=\"w-image us_custom_19b5585a align_none\"><div class=\"w-image-h\"><img decoding=\"async\" src=\"https:\/\/babygen.sk\/wp-content\/uploads\/2024\/06\/test-tube.svg\" class=\"attachment-full size-full\" alt=\"ikona sk\u00famavka\" \/><\/div><\/div><\/div><\/div><div class=\"wpb_column vc_column_container\"><div class=\"vc_column-inner\"><div class=\"wpb_text_column us_custom_a4f5c92d has_text_color\"><div class=\"wpb_wrapper\"><p><span style=\"color: #0098cf;\">3.<\/span> Anal\u00fdza vzork\u016f<\/p>\n<\/div><\/div><\/div><\/div><div class=\"wpb_column vc_column_container\"><div class=\"vc_column-inner\"><div class=\"wpb_text_column us_custom_d4aebad7\"><div class=\"wpb_wrapper\"><p>V laborato\u0159i se z krve t\u011bhotn\u00e9 \u017eeny izoluje DNA a <b>zji\u0161\u0165uje se p\u0159\u00edtomnost chromozomu Y<\/b>. Pokud je ve vzorku, kter\u00fd poch\u00e1z\u00ed z plodu, nalezen chromozom Y, roste v b\u0159\u00ed\u0161ku budouc\u00ed matky chlape\u010dek. Pokud se chromozom v krvi nenach\u00e1z\u00ed, jedn\u00e1 se o d\u00edvku. <b>Doru\u010den\u00ed vzorku do laborato\u0159e, p\u0159ijet\u00ed platby na \u00fa\u010det a dokon\u010den\u00ed anal\u00fdzy je pacientce potvrzeno prost\u0159ednictv\u00edm SMS zpr\u00e1v na jej\u00ed \u010d\u00edslo mobiln\u00edho telefonu uveden\u00e9 na \u017e\u00e1dance.<\/b><\/p>\n<\/div><\/div><\/div><\/div><\/div><div class=\"g-cols wpb_row us_custom_d4332a29 us_animate_this via_grid cols_custom laptops-cols_inherit tablets-cols_inherit mobiles-cols_1 valign_middle type_default\" style=\"--custom-columns:0.5fr 4fr 5fr \"><div class=\"wpb_column vc_column_container\"><div class=\"vc_column-inner\"><div class=\"w-image us_custom_19b5585a align_none\"><div class=\"w-image-h\"><img decoding=\"async\" src=\"https:\/\/babygen.sk\/wp-content\/uploads\/2024\/06\/Group-41-1.svg\" class=\"attachment-full size-full\" alt=\"ikona mikroskop\" \/><\/div><\/div><\/div><\/div><div class=\"wpb_column vc_column_container\"><div class=\"vc_column-inner\"><div class=\"wpb_text_column us_custom_a4f5c92d has_text_color\"><div class=\"wpb_wrapper\"><p><span style=\"color: #0098cf;\">4. <\/span>Anal\u00fdza vzorku krve<\/p>\n<\/div><\/div><\/div><\/div><div class=\"wpb_column vc_column_container\"><div class=\"vc_column-inner\"><div class=\"wpb_text_column us_custom_d4aebad7\"><div class=\"wpb_wrapper\"><p>Vzorek krve se analyzuje speci\u00e1ln\u00ed metodou.<br \/>\nLaborato\u0159 v\u00e1s bude informovat o pr\u016fb\u011bhu testu prost\u0159ednictv\u00edm SMS zpr\u00e1v.<\/p>\n<\/div><\/div><\/div><\/div><\/div><div class=\"g-cols wpb_row us_custom_d4332a29 us_animate_this via_grid cols_custom laptops-cols_inherit tablets-cols_inherit mobiles-cols_1 valign_middle type_default\" style=\"--custom-columns:0.5fr 4fr 5fr \"><div class=\"wpb_column vc_column_container\"><div class=\"vc_column-inner\"><div class=\"w-image us_custom_19b5585a align_none\"><div class=\"w-image-h\"><img decoding=\"async\" src=\"https:\/\/babygen.sk\/wp-content\/uploads\/2024\/06\/Group-33-1.svg\" class=\"attachment-full size-full\" alt=\"ikona certifik\u00e1t\" \/><\/div><\/div><\/div><\/div><div class=\"wpb_column vc_column_container\"><div class=\"vc_column-inner\"><div class=\"wpb_text_column us_custom_a4f5c92d has_text_color\"><div class=\"wpb_wrapper\"><p><span style=\"color: #0098cf;\">5.<\/span> V\u00fdsledek zkou\u0161ky<\/p>\n<\/div><\/div><\/div><\/div><div class=\"wpb_column vc_column_container\"><div class=\"vc_column-inner\"><div class=\"wpb_text_column us_custom_d4aebad7\"><div class=\"wpb_wrapper\"><p>V\u00fdsledek je budouc\u00ed matce obvykle k dispozici do 5 pracovn\u00edch dn\u016f od zaevidov\u00e1n\u00ed platby za test, nejd\u0159\u00edve v\u0161ak 12 dn\u016f po jeho proveden\u00ed. t\u00fddnu t\u011bhotenstv\u00ed. V\u00fdsledek lze sd\u011blit t\u011bhotn\u00e9 \u017een\u011b:<\/p>\n<ul>\n<li><b>prost\u0159ednictv\u00edm l\u00e9ka\u0159e<\/b><br \/>\nLaborato\u0159 za\u0161le v\u00fdsledek anal\u00fdzy l\u00e9ka\u0159i, kter\u00fd test indikoval. Pot\u00e9 ji tlumo\u010d\u00ed sv\u00e9mu pacientovi.<\/li>\n<li><b>odesl\u00e1n\u00edm v\u00fdsledku na e-mail<\/b><br \/>\nPo dokon\u010den\u00ed 12. t\u00fddnu t\u011bhotenstv\u00ed laborato\u0159 za\u0161le za\u0161ifrovan\u00fd v\u00fdsledek ve form\u00e1tu PDF na e-mailovou adresu, kterou \u017eena sd\u011blila sv\u00e9mu l\u00e9ka\u0159i p\u0159i odb\u011bru krve. Na sv\u016fj mobiln\u00ed telefon tak\u00e9 obdr\u017e\u00ed textovou zpr\u00e1vu s heslem pro odemknut\u00ed. Laborato\u0159 za\u0161le v\u00fdsledek testu tak\u00e9 o\u0161et\u0159uj\u00edc\u00edmu l\u00e9ka\u0159i, kter\u00fd test objednal.<\/li>\n<\/ul>\n<\/div><\/div><\/div><\/div><\/div><div class=\"wpb_text_column us_custom_c3836a42\"><div class=\"wpb_wrapper\"><p><strong>Aby bylo mo\u017en\u00e9 sd\u011blit v\u00fdsledek anal\u00fdzy elektronicky, p\u0159\u00edmo na e-mail t\u011bhotn\u00e9 \u017eeny, je nutn\u00e9, aby byly kontaktn\u00ed \u00fadaje (e-mail a telefon) spr\u00e1vn\u011b zad\u00e1ny ka\u017edou budouc\u00ed matkou v ordinaci l\u00e9ka\u0159e. Pokud se pacientka rozhodne zaplatit test BabyGen prost\u0159ednictv\u00edm platebn\u00ed br\u00e1ny <a href=\"http:\/\/www.medirexplatby.sk\/\" target=\"_blank\" rel=\"noopener\">www.medirexplatby.sk<\/a>, je rovn\u011b\u017e nezbytn\u00e9, aby nast\u00e1vaj\u00edc\u00ed maminka p\u0159i online platb\u011b zadala do syst\u00e9mu stejn\u00e9 kontaktn\u00ed \u00fadaje (SMS a e-mail). Spr\u00e1vn\u00e9 (a odpov\u00eddaj\u00edc\u00ed) zad\u00e1n\u00ed t\u011bchto \u00fadaj\u016f je nezbytn\u00fdm krokem pro sd\u011blen\u00ed v\u00fdsledk\u016f laboratorn\u00ed anal\u00fdzy e-mailem.<\/strong><\/p>\n<p class=\"smalltext font-size-small\"><sup>*<\/sup> V souladu s usnesen\u00edm Etick\u00e9 komise Ministerstva zdravotnictv\u00ed Slovensk\u00e9 republiky m\u016f\u017ee laborato\u0159 poskytnout informace o pohlav\u00ed plodu a\u017e po 12. narozenin\u00e1ch. t\u00fdden t\u011bhotenstv\u00ed.<\/p>\n<\/div><\/div><\/div><\/div><\/div><\/div><\/section>\n","protected":false},"excerpt":{"rendered":"Rychl\u00e9 a spolehliv\u00e9 testov\u00e1n\u00ed Pohlav\u00ed d\u00edt\u011bte bylo ur\u010deno podle chromozom\u016f ve spermi\u00edch p\u0159i po\u010det\u00ed. Test BabyGen zn\u00e1 odpov\u011b\u010f na ot\u00e1zku, jak to dopadlo. 1. Odb\u011br krve v ordinaci l\u00e9ka\u0159e Vzorek krve pro test BabyGen odeb\u00edr\u00e1 zdravotn\u00ed sestra b\u011b\u017en\u00fdm zp\u016fsobem &#8211; odeb\u00edr\u00e1 krev ze \u017e\u00edly na p\u0159edlokt\u00ed t\u011bhotn\u00e9 \u017eeny, co\u017e nep\u0159edstavuje \u017e\u00e1dn\u00e9 zdravotn\u00ed riziko pro matku...","protected":false},"author":1,"featured_media":0,"parent":0,"menu_order":0,"comment_status":"closed","ping_status":"closed","template":"","meta":{"inline_featured_image":false,"footnotes":""},"class_list":["post-6141","page","type-page","status-publish","hentry"],"acf":[],"_links":{"self":[{"href":"https:\/\/babygen.sk\/cs\/wp-json\/wp\/v2\/pages\/6141","targetHints":{"allow":["GET"]}}],"collection":[{"href":"https:\/\/babygen.sk\/cs\/wp-json\/wp\/v2\/pages"}],"about":[{"href":"https:\/\/babygen.sk\/cs\/wp-json\/wp\/v2\/types\/page"}],"author":[{"embeddable":true,"href":"https:\/\/babygen.sk\/cs\/wp-json\/wp\/v2\/users\/1"}],"replies":[{"embeddable":true,"href":"https:\/\/babygen.sk\/cs\/wp-json\/wp\/v2\/comments?post=6141"}],"version-history":[{"count":0,"href":"https:\/\/babygen.sk\/cs\/wp-json\/wp\/v2\/pages\/6141\/revisions"}],"wp:attachment":[{"href":"https:\/\/babygen.sk\/cs\/wp-json\/wp\/v2\/media?parent=6141"}],"curies":[{"name":"wp","href":"https:\/\/api.w.org\/{rel}","templated":true}]}}