{"id":6142,"date":"2022-10-21T09:19:14","date_gmt":"2022-10-21T08:19:14","guid":{"rendered":"https:\/\/babygen.wpenginepowered.com\/pro-lekare-2\/"},"modified":"2024-07-01T17:33:51","modified_gmt":"2024-07-01T16:33:51","slug":"pro-lekare-2","status":"publish","type":"page","link":"https:\/\/babygen.sk\/cs\/pro-lekare-2\/","title":{"rendered":"Pro l\u00e9ka\u0159e"},"content":{"rendered":"<section class=\"l-section wpb_row us_custom_bda4c853 trisomy_header_subpage height_medium\"><div class=\"l-section-h i-cf\"><div class=\"g-cols vc_row via_grid cols_1 laptops-cols_inherit tablets-cols_inherit mobiles-cols_1 valign_top type_default\"><div class=\"wpb_column vc_column_container us_custom_fab4abd9\"><div class=\"vc_column-inner\"><div class=\"wpb_text_column us_custom_0d13b276 has_text_color\"><div class=\"wpb_wrapper\"><p><strong>Pro l\u00e9ka\u0159e<\/strong><\/p>\n<\/div><\/div><div class=\"wpb_text_column us_custom_bd580f3b\"><div class=\"wpb_wrapper\"><p>Hled\u00e1te dal\u0161\u00ed informace? N\u00ed\u017ee je uveden ucelen\u00fd p\u0159ehled informa\u010dn\u00edch materi\u00e1l\u016f k testu TRISOMY. V p\u0159\u00edpad\u011b dal\u0161\u00edch dotaz\u016f se obra\u0165te na na\u0161e <u>obchodn\u00ed z\u00e1stupce pro zdravotnictv\u00ed<\/u> nebo na klientsk\u00e9 centrum na adrese<br \/>\n<a style=\"color: #53516a; text-decoration: none; font-weight: bold;\" href=\"tel:+421800200%20003%\">0800 003 030<\/a><\/p>\n<\/div><\/div><div class=\"w-image circle_left align_none\"><div class=\"w-image-h\"><img decoding=\"async\" src=\"https:\/\/babygen.sk\/wp-content\/uploads\/2022\/11\/Ellipse-1853_blue.svg\" class=\"attachment-full size-full\" alt=\"\" \/><\/div><\/div><div class=\"w-image circle_mid align_none\"><div class=\"w-image-h\"><img decoding=\"async\" src=\"https:\/\/babygen.sk\/wp-content\/uploads\/2022\/11\/Ellipse-1852_blue.svg\" class=\"attachment-full size-full\" alt=\"\" \/><\/div><\/div><div class=\"w-image circle_right align_none\"><div class=\"w-image-h\"><img decoding=\"async\" src=\"https:\/\/babygen.sk\/wp-content\/uploads\/2022\/11\/Ellipse-1853_blue.svg\" class=\"attachment-full size-full\" alt=\"\" \/><\/div><\/div><\/div><\/div><\/div><\/div><\/section><section class=\"l-section wpb_row height_medium\"><div class=\"l-section-h i-cf\"><div class=\"g-cols vc_row via_grid cols_1 laptops-cols_inherit tablets-cols_inherit mobiles-cols_1 valign_middle type_default\"><div class=\"wpb_column vc_column_container\"><div class=\"vc_column-inner\"><div class=\"g-cols wpb_row us_custom_5dbe6486 via_grid cols_2 laptops-cols_inherit tablets-cols_inherit mobiles-cols_1 valign_middle type_default\"><div class=\"wpb_column vc_column_container\"><div class=\"vc_column-inner\"><div class=\"wpb_text_column us_custom_2bd1eb37\"><div class=\"wpb_wrapper\"><p>TRISOMY test, TRISOMY test XY, TRISOMY test +<\/p>\n<\/div><\/div><\/div><\/div><div class=\"wpb_column vc_column_container\"><div class=\"vc_column-inner\"><div class=\"w-text us_custom_110d2705 has_text_color\"><a href=\"https:\/\/babygen.wpenginepowered.com\/wp-content\/uploads\/2023\/02\/Trisomy_test_brozura_lekari_view.pdf\" class=\"w-text-h\" rel=\"noopener\"><i class=\"far fa-file\"><\/i><span class=\"w-text-value\">St\u00e1hnout PDF<\/span><\/a><\/div><\/div><\/div><\/div><div class=\"g-cols wpb_row us_custom_5dbe6486 via_grid cols_2 laptops-cols_inherit tablets-cols_inherit mobiles-cols_1 valign_middle type_default\"><div class=\"wpb_column vc_column_container\"><div class=\"vc_column-inner\"><div class=\"wpb_text_column us_custom_2bd1eb37\"><div class=\"wpb_wrapper\"><p>Test TRISOMY Kompletn\u00ed<\/p>\n<\/div><\/div><\/div><\/div><div class=\"wpb_column vc_column_container\"><div class=\"vc_column-inner\"><div class=\"w-text us_custom_110d2705 has_text_color\"><a href=\"https:\/\/babygen.wpenginepowered.com\/wp-content\/uploads\/2023\/02\/TTC_LEKARSKA_BROZURA_TT_Complete_view.pdf\" class=\"w-text-h\" rel=\"noopener\"><i class=\"far fa-file\"><\/i><span class=\"w-text-value\">St\u00e1hnout PDF<\/span><\/a><\/div><\/div><\/div><\/div><div class=\"g-cols wpb_row us_custom_5dbe6486 via_grid cols_2 laptops-cols_inherit tablets-cols_inherit mobiles-cols_1 valign_middle type_default\"><div class=\"wpb_column vc_column_container\"><div class=\"vc_column-inner\"><div class=\"wpb_text_column us_custom_2bd1eb37\"><div class=\"wpb_wrapper\"><p>Dopl\u0148kov\u00e9 vy\u0161et\u0159en\u00ed +SLOS (Smith-Lemli-Opitz\u016fv syndrom)<\/p>\n<\/div><\/div><\/div><\/div><div class=\"wpb_column vc_column_container\"><div class=\"vc_column-inner\"><div class=\"w-text us_custom_110d2705 has_text_color\"><a href=\"https:\/\/babygen.wpenginepowered.com\/wp-content\/uploads\/2023\/02\/TTC_BROZURA_VKLADACKA_TT_Complete_SLOS_view.pdf\" class=\"w-text-h\" rel=\"noopener\"><i class=\"far fa-file\"><\/i><span class=\"w-text-value\">St\u00e1hnout PDF<\/span><\/a><\/div><\/div><\/div><\/div><\/div><\/div><\/div><\/div><\/section>\n","protected":false},"excerpt":{"rendered":"Pro l\u00e9ka\u0159e Hled\u00e1te dal\u0161\u00ed informace? N\u00ed\u017ee je uveden ucelen\u00fd p\u0159ehled informa\u010dn\u00edch materi\u00e1l\u016f k testu TRISOMY. V p\u0159\u00edpad\u011b dal\u0161\u00edch dotaz\u016f se obra\u0165te na na\u0161e obchodn\u00ed z\u00e1stupce pro zdravotnictv\u00ed nebo na klientsk\u00e9 centrum na adrese 0800 003 030 TRISOMY test, TRISOMY test XY, TRISOMY test + St\u00e1hnout PDFTest TRISOMY Kompletn\u00ed St\u00e1hnout PDFDopl\u0148kov\u00e9 vy\u0161et\u0159en\u00ed +SLOS (Smith-Lemli-Opitz\u016fv syndrom) St\u00e1hnout...","protected":false},"author":1,"featured_media":0,"parent":0,"menu_order":0,"comment_status":"closed","ping_status":"closed","template":"","meta":{"inline_featured_image":false,"footnotes":""},"class_list":["post-6142","page","type-page","status-publish","hentry"],"acf":[],"_links":{"self":[{"href":"https:\/\/babygen.sk\/cs\/wp-json\/wp\/v2\/pages\/6142","targetHints":{"allow":["GET"]}}],"collection":[{"href":"https:\/\/babygen.sk\/cs\/wp-json\/wp\/v2\/pages"}],"about":[{"href":"https:\/\/babygen.sk\/cs\/wp-json\/wp\/v2\/types\/page"}],"author":[{"embeddable":true,"href":"https:\/\/babygen.sk\/cs\/wp-json\/wp\/v2\/users\/1"}],"replies":[{"embeddable":true,"href":"https:\/\/babygen.sk\/cs\/wp-json\/wp\/v2\/comments?post=6142"}],"version-history":[{"count":0,"href":"https:\/\/babygen.sk\/cs\/wp-json\/wp\/v2\/pages\/6142\/revisions"}],"wp:attachment":[{"href":"https:\/\/babygen.sk\/cs\/wp-json\/wp\/v2\/media?parent=6142"}],"curies":[{"name":"wp","href":"https:\/\/api.w.org\/{rel}","templated":true}]}}