{"id":2837,"date":"2022-10-21T10:02:59","date_gmt":"2022-10-21T09:02:59","guid":{"rendered":"https:\/\/babygen.wpenginepowered.com\/?page_id=2837"},"modified":"2024-07-02T12:22:58","modified_gmt":"2024-07-02T11:22:58","slug":"hogyan-tortenik-a-vizsgalat","status":"publish","type":"page","link":"https:\/\/babygen.sk\/hu\/hogyan-tortenik-a-vizsgalat\/","title":{"rendered":"Hogyan m\u0171k\u00f6dik"},"content":{"rendered":"<section class=\"l-section wpb_row us_custom_9f9443ed trisomy_header_subpage height_medium\"><div class=\"l-section-h i-cf\"><div class=\"g-cols vc_row via_grid cols_1 laptops-cols_inherit tablets-cols_inherit mobiles-cols_1 valign_top type_default\"><div class=\"wpb_column vc_column_container\"><div class=\"vc_column-inner\"><div class=\"wpb_text_column us_custom_3177fd38 has_text_color\"><div class=\"wpb_wrapper\"><h1>Gyors \u00e9s megb\u00edzhat\u00f3 tesztel\u00e9s<\/h1>\n<\/div><\/div><div class=\"wpb_text_column us_custom_18da16ea has_text_color\"><div class=\"wpb_wrapper\"><p style=\"text-align: center;\">A gyermek nem\u00e9t a fogantat\u00e1skor a spermiumban l\u00e9v\u0151 kromosz\u00f3m\u00e1k alapj\u00e1n hat\u00e1rozt\u00e1k meg. A BabyGen teszt tudja a v\u00e1laszt arra a k\u00e9rd\u00e9sre, hogy hogyan alakult.<\/p>\n<\/div><\/div><div class=\"w-image circle_left align_none\"><div class=\"w-image-h\"><img decoding=\"async\" src=\"https:\/\/babygen.sk\/wp-content\/uploads\/2022\/11\/Ellipse-1854_blue.svg\" class=\"attachment-full size-full\" alt=\"\" \/><\/div><\/div><div class=\"w-image circle_mid align_none\"><div class=\"w-image-h\"><img decoding=\"async\" src=\"https:\/\/babygen.sk\/wp-content\/uploads\/2022\/11\/Ellipse-1852_blue.svg\" class=\"attachment-full size-full\" alt=\"\" \/><\/div><\/div><div class=\"w-image circle_right align_none\"><div class=\"w-image-h\"><img decoding=\"async\" src=\"https:\/\/babygen.sk\/wp-content\/uploads\/2022\/11\/Ellipse-1853_blue.svg\" class=\"attachment-full size-full\" alt=\"\" \/><\/div><\/div><\/div><\/div><\/div><\/div><\/section><section class=\"l-section wpb_row height_medium\"><div class=\"l-section-h i-cf\"><div class=\"g-cols vc_row via_grid cols_1 laptops-cols_inherit tablets-cols_inherit mobiles-cols_1 valign_top type_default\"><div class=\"wpb_column vc_column_container\"><div class=\"vc_column-inner\"><div class=\"g-cols wpb_row us_custom_d4332a29 us_animate_this via_grid cols_custom laptops-cols_inherit tablets-cols_inherit mobiles-cols_1 valign_middle type_default\" style=\"--custom-columns:0.5fr 4fr 5fr \"><div class=\"wpb_column vc_column_container\"><div class=\"vc_column-inner\"><div class=\"w-image us_custom_19b5585a align_none\"><div class=\"w-image-h\"><img decoding=\"async\" src=\"https:\/\/babygen.sk\/wp-content\/uploads\/2024\/06\/Group.svg\" class=\"attachment-full size-full\" alt=\"ikona injekcia\" \/><\/div><\/div><\/div><\/div><div class=\"wpb_column vc_column_container\"><div class=\"vc_column-inner\"><div class=\"wpb_text_column us_custom_a4f5c92d has_text_color\"><div class=\"wpb_wrapper\"><p><span style=\"color: #0098cf;\">1.<\/span> V\u00e9rv\u00e9tel az orvosi rendel\u0151ben<\/p>\n<\/div><\/div><\/div><\/div><div class=\"wpb_column vc_column_container\"><div class=\"vc_column-inner\"><div class=\"wpb_text_column us_custom_d4aebad7\"><div class=\"wpb_wrapper\"><p>A BabyGen teszthez sz\u00fcks\u00e9ges v\u00e9rmint\u00e1t egy n\u0151v\u00e9r veszi a <b>szok\u00e1sos m\u00f3don &#8211; a terhes<\/b> n\u0151 alkarj\u00e1b\u00f3l <b>vett v\u00e9n\u00e1b\u00f3l<\/b> -, ami nem jelent eg\u00e9szs\u00e9g\u00fcgyi kock\u00e1zatot az any\u00e1ra vagy a magzatra n\u00e9zve. <b>Lehets\u00e9ges, hogy a 10. terhess\u00e9gi h\u00e9t <\/b> \u00e9s nem kell b\u00f6jt\u00f6lni. <strong><a href=\"https:\/\/babygen.wpenginepowered.com\/hu\/hol-tortenik-a-vizsgalat\/\" rel=\"noopener\">Hov\u00e1 menjek vizsg\u00e1latra?<\/a><\/strong><\/p>\n<\/div><\/div><\/div><\/div><\/div><div class=\"g-cols wpb_row us_custom_d4332a29 us_animate_this via_grid cols_custom laptops-cols_inherit tablets-cols_inherit mobiles-cols_1 valign_middle type_default\" style=\"--custom-columns:0.5fr 4fr 5fr \"><div class=\"wpb_column vc_column_container\"><div class=\"vc_column-inner\"><div class=\"w-image us_custom_19b5585a align_none\"><div class=\"w-image-h\"><img decoding=\"async\" src=\"https:\/\/babygen.sk\/wp-content\/uploads\/2024\/06\/Group-31.svg\" class=\"attachment-full size-full\" alt=\"ikona platba\" \/><\/div><\/div><\/div><\/div><div class=\"wpb_column vc_column_container\"><div class=\"vc_column-inner\"><div class=\"wpb_text_column us_custom_a4f5c92d has_text_color\"><div class=\"wpb_wrapper\"><p><span style=\"color: #0098cf;\">2.<\/span> A vizsg\u00e1lat d\u00edjaz\u00e1sa<\/p>\n<\/div><\/div><\/div><\/div><div class=\"wpb_column vc_column_container\"><div class=\"vc_column-inner\"><div class=\"wpb_text_column us_custom_d4aebad7\"><div class=\"wpb_wrapper\"><p>Az orvossal t\u00f6rt\u00e9nt egyeztet\u00e9st k\u00f6vet\u0151en a vizsg\u00e1latot k\u00f6zvetlen\u00fcl az orvosi rendel\u0151ben, vagy banki \u00e1tutal\u00e1ssal vagy hitelk\u00e1rty\u00e1val a laborat\u00f3rium sz\u00e1ml\u00e1j\u00e1ra a <a href=\"http:\/\/www.medirexplatby.sk\/\" target=\"_blank\" rel=\"noopener\">www.medirexplatby.sk c\u00ed<\/a> men kereszt\u00fcl fizetheti ki. <strong><br \/>\n<a href=\"http:\/\/www.medirexplatby.sk\/\" rel=\"noopener\">Fizet\u00e9s a vizsg\u00e1lat\u00e9rt<\/a><br \/>\n<\/strong><\/p>\n<p><b>A BabyGen teszt \u00e1ra 120 \u20ac \u00c1F\u00c1-val egy\u00fctt. <\/b><\/p>\n<\/div><\/div><\/div><\/div><\/div><div class=\"g-cols wpb_row us_custom_d4332a29 us_animate_this via_grid cols_custom laptops-cols_inherit tablets-cols_inherit mobiles-cols_1 valign_middle type_default\" style=\"--custom-columns:0.5fr 4fr 5fr \"><div class=\"wpb_column vc_column_container\"><div class=\"vc_column-inner\"><div class=\"w-image us_custom_19b5585a align_none\"><div class=\"w-image-h\"><img decoding=\"async\" src=\"https:\/\/babygen.sk\/wp-content\/uploads\/2024\/06\/test-tube.svg\" class=\"attachment-full size-full\" alt=\"ikona sk\u00famavka\" \/><\/div><\/div><\/div><\/div><div class=\"wpb_column vc_column_container\"><div class=\"vc_column-inner\"><div class=\"wpb_text_column us_custom_a4f5c92d has_text_color\"><div class=\"wpb_wrapper\"><p><span style=\"color: #0098cf;\">3.<\/span> Mintaelemz\u00e9s<\/p>\n<\/div><\/div><\/div><\/div><div class=\"wpb_column vc_column_container\"><div class=\"vc_column-inner\"><div class=\"wpb_text_column us_custom_d4aebad7\"><div class=\"wpb_wrapper\"><p>A terhes n\u0151 v\u00e9r\u00e9b\u0151l laborat\u00f3riumban DNS-t izol\u00e1lnak, \u00e9s <b>kimutatj\u00e1k az Y-kromosz\u00f3ma jelenl\u00e9t\u00e9t<\/b>. Ha a magzatb\u00f3l sz\u00e1rmaz\u00f3 mint\u00e1ban Y kromosz\u00f3m\u00e1t tal\u00e1lnak, akkor a leend\u0151 anya pocakj\u00e1ban egy kisfi\u00fa n\u00f6vekszik. Ha a kromosz\u00f3ma nem tal\u00e1lhat\u00f3 a v\u00e9rben, akkor l\u00e1nyr\u00f3l van sz\u00f3. <b>A minta laborat\u00f3riumba t\u00f6rt\u00e9n\u0151 eljuttat\u00e1s\u00e1t, az el\u0151leg be\u00e9rkez\u00e9s\u00e9t \u00e9s az elemz\u00e9s befejez\u00e9s\u00e9t a beteg a jelentkez\u00e9si lapon szerepl\u0151 mobiltelefonsz\u00e1m\u00e1ra k\u00fcld\u00f6tt SMS-\u00fczenetekkel igazolja.<\/b><\/p>\n<\/div><\/div><\/div><\/div><\/div><div class=\"g-cols wpb_row us_custom_d4332a29 us_animate_this via_grid cols_custom laptops-cols_inherit tablets-cols_inherit mobiles-cols_1 valign_middle type_default\" style=\"--custom-columns:0.5fr 4fr 5fr \"><div class=\"wpb_column vc_column_container\"><div class=\"vc_column-inner\"><div class=\"w-image us_custom_19b5585a align_none\"><div class=\"w-image-h\"><img decoding=\"async\" src=\"https:\/\/babygen.sk\/wp-content\/uploads\/2024\/06\/Group-41-1.svg\" class=\"attachment-full size-full\" alt=\"ikona mikroskop\" \/><\/div><\/div><\/div><\/div><div class=\"wpb_column vc_column_container\"><div class=\"vc_column-inner\"><div class=\"wpb_text_column us_custom_a4f5c92d has_text_color\"><div class=\"wpb_wrapper\"><p><span style=\"color: #0098cf;\">4. <\/span>V\u00e9rminta elemz\u00e9se<\/p>\n<\/div><\/div><\/div><\/div><div class=\"wpb_column vc_column_container\"><div class=\"vc_column-inner\"><div class=\"wpb_text_column us_custom_d4aebad7\"><div class=\"wpb_wrapper\"><p>A v\u00e9rmint\u00e1t egy speci\u00e1lis m\u00f3dszerrel elemzik.<br \/>\nA laborat\u00f3rium SMS-\u00fczenetben t\u00e1j\u00e9koztatja \u00d6nt a vizsg\u00e1lat el\u0151rehalad\u00e1s\u00e1r\u00f3l.<\/p>\n<\/div><\/div><\/div><\/div><\/div><div class=\"g-cols wpb_row us_custom_d4332a29 us_animate_this via_grid cols_custom laptops-cols_inherit tablets-cols_inherit mobiles-cols_1 valign_middle type_default\" style=\"--custom-columns:0.5fr 4fr 5fr \"><div class=\"wpb_column vc_column_container\"><div class=\"vc_column-inner\"><div class=\"w-image us_custom_19b5585a align_none\"><div class=\"w-image-h\"><img decoding=\"async\" src=\"https:\/\/babygen.sk\/wp-content\/uploads\/2024\/06\/Group-33-1.svg\" class=\"attachment-full size-full\" alt=\"ikona certifik\u00e1t\" \/><\/div><\/div><\/div><\/div><div class=\"wpb_column vc_column_container\"><div class=\"vc_column-inner\"><div class=\"wpb_text_column us_custom_a4f5c92d has_text_color\"><div class=\"wpb_wrapper\"><p><span style=\"color: #0098cf;\">5.<\/span> Vizsg\u00e1lati eredm\u00e9ny<\/p>\n<\/div><\/div><\/div><\/div><div class=\"wpb_column vc_column_container\"><div class=\"vc_column-inner\"><div class=\"wpb_text_column us_custom_d4aebad7\"><div class=\"wpb_wrapper\"><p>Az eredm\u00e9nyt a v\u00e1rand\u00f3s anya \u00e1ltal\u00e1ban a vizsg\u00e1lat befizet\u00e9s\u00e9t\u0151l sz\u00e1m\u00edtott 5 munkanapon bel\u00fcl, de legkor\u00e1bban a vizsg\u00e1lat befejez\u00e9s\u00e9t k\u00f6vet\u0151 12 napon bel\u00fcl kapja meg. terhess\u00e9gi h\u00e9t. Az eredm\u00e9nyt k\u00f6z\u00f6lni lehet a terhes n\u0151vel:<\/p>\n<ul>\n<li><b>orvoson kereszt\u00fcl<\/b><br \/>\nA laborat\u00f3rium elk\u00fcldi az elemz\u00e9s eredm\u00e9ny\u00e9t a vizsg\u00e1latot jelz\u0151 orvosnak. Ezt k\u00f6vet\u0151en tolm\u00e1csolja a beteg\u00e9nek.<\/li>\n<li><b>az eredm\u00e9ny e-mailben t\u00f6rt\u00e9n\u0151 elk\u00fcld\u00e9s\u00e9vel<\/b><br \/>\nA 12. terhess\u00e9g het\u00e9ben a laborat\u00f3rium a titkos\u00edtott eredm\u00e9nyt PDF-f\u00e1jlk\u00e9nt elk\u00fcldi arra az e-mail c\u00edmre, amelyet a n\u0151 a v\u00e9rv\u00e9telkor megadott az orvos\u00e1nak. A mobiltelefonj\u00e1ra egy sz\u00f6veges \u00fczenetet is kap, amelyben a felold\u00e1shoz sz\u00fcks\u00e9ges jelsz\u00f3 szerepel. A laborat\u00f3rium a vizsg\u00e1lati eredm\u00e9nyt elk\u00fcldi a vizsg\u00e1latot elrendel\u0151 kezel\u0151orvosnak is.<\/li>\n<\/ul>\n<\/div><\/div><\/div><\/div><\/div><div class=\"wpb_text_column us_custom_c3836a42\"><div class=\"wpb_wrapper\"><p><strong>Annak \u00e9rdek\u00e9ben, hogy az elemz\u00e9s eredm\u00e9ny\u00e9t elektronikus \u00faton, k\u00f6zvetlen\u00fcl a terhes n\u0151 e-mail c\u00edm\u00e9re k\u00fcldj\u00e9k el, sz\u00fcks\u00e9ges, hogy az el\u00e9rhet\u0151s\u00e9gi adatokat (e-mail \u00e9s telefon) minden kismama helyesen adja meg az orvosi rendel\u0151ben. Ha a p\u00e1ciens \u00fagy d\u00f6nt, hogy a BabyGen tesztet a <a href=\"http:\/\/www.medirexplatby.sk\/\" target=\"_blank\" rel=\"noopener\">www.medirexplatby.sk<\/a> fizet\u00e9si \u00e1tj\u00e1r\u00f3n kereszt\u00fcl fizeti ki <a href=\"http:\/\/www.medirexplatby.sk\/\" target=\"_blank\" rel=\"noopener\">,<\/a> akkor is fontos, hogy a v\u00e1rand\u00f3s anya ugyanazokat az el\u00e9rhet\u0151s\u00e9geket (SMS \u00e9s e-mail) adja meg a rendszerben az online fizet\u00e9si folyamat sor\u00e1n. Ezen adatok helyes (\u00e9s megfelel\u0151) bevitele sz\u00fcks\u00e9ges ahhoz, hogy a laborat\u00f3riumi elemz\u00e9s eredm\u00e9nyeit e-mailben k\u00f6z\u00f6lni lehessen.<\/strong><\/p>\n<p class=\"smalltext font-size-small\"><sup>*<\/sup> A Szlov\u00e1k K\u00f6zt\u00e1rsas\u00e1g Eg\u00e9szs\u00e9g\u00fcgyi Miniszt\u00e9rium\u00e1nak etikai bizotts\u00e1g\u00e1nak hat\u00e1rozata \u00e9rtelm\u00e9ben a laborat\u00f3rium csak a 12. sz\u00fclet\u00e9snap ut\u00e1n adhat inform\u00e1ci\u00f3t a magzat nem\u00e9r\u0151l. terhess\u00e9gi h\u00e9t.<\/p>\n<\/div><\/div><\/div><\/div><\/div><\/div><\/section>\n","protected":false},"excerpt":{"rendered":"Gyors \u00e9s megb\u00edzhat\u00f3 tesztel\u00e9s A gyermek nem\u00e9t a fogantat\u00e1skor a spermiumban l\u00e9v\u0151 kromosz\u00f3m\u00e1k alapj\u00e1n hat\u00e1rozt\u00e1k meg. A BabyGen teszt tudja a v\u00e1laszt arra a k\u00e9rd\u00e9sre, hogy hogyan alakult. 1. V\u00e9rv\u00e9tel az orvosi rendel\u0151ben A BabyGen teszthez sz\u00fcks\u00e9ges v\u00e9rmint\u00e1t egy n\u0151v\u00e9r veszi a szok\u00e1sos m\u00f3don &#8211; a terhes n\u0151 alkarj\u00e1b\u00f3l vett v\u00e9n\u00e1b\u00f3l -, ami nem jelent...","protected":false},"author":1,"featured_media":0,"parent":0,"menu_order":0,"comment_status":"closed","ping_status":"closed","template":"","meta":{"inline_featured_image":false,"footnotes":""},"class_list":["post-2837","page","type-page","status-publish","hentry"],"acf":[],"_links":{"self":[{"href":"https:\/\/babygen.sk\/hu\/wp-json\/wp\/v2\/pages\/2837","targetHints":{"allow":["GET"]}}],"collection":[{"href":"https:\/\/babygen.sk\/hu\/wp-json\/wp\/v2\/pages"}],"about":[{"href":"https:\/\/babygen.sk\/hu\/wp-json\/wp\/v2\/types\/page"}],"author":[{"embeddable":true,"href":"https:\/\/babygen.sk\/hu\/wp-json\/wp\/v2\/users\/1"}],"replies":[{"embeddable":true,"href":"https:\/\/babygen.sk\/hu\/wp-json\/wp\/v2\/comments?post=2837"}],"version-history":[{"count":0,"href":"https:\/\/babygen.sk\/hu\/wp-json\/wp\/v2\/pages\/2837\/revisions"}],"wp:attachment":[{"href":"https:\/\/babygen.sk\/hu\/wp-json\/wp\/v2\/media?parent=2837"}],"curies":[{"name":"wp","href":"https:\/\/api.w.org\/{rel}","templated":true}]}}