{"id":2846,"date":"2022-10-21T09:19:14","date_gmt":"2022-10-21T08:19:14","guid":{"rendered":"https:\/\/babygen.wpenginepowered.com\/?page_id=2846"},"modified":"2024-07-02T08:28:56","modified_gmt":"2024-07-02T07:28:56","slug":"orvosoknak","status":"publish","type":"page","link":"https:\/\/babygen.sk\/hu\/orvosoknak\/","title":{"rendered":"Orvosok sz\u00e1m\u00e1ra"},"content":{"rendered":"<section class=\"l-section wpb_row us_custom_bda4c853 trisomy_header_subpage height_medium\"><div class=\"l-section-h i-cf\"><div class=\"g-cols vc_row via_grid cols_1 laptops-cols_inherit tablets-cols_inherit mobiles-cols_1 valign_top type_default\"><div class=\"wpb_column vc_column_container us_custom_fab4abd9\"><div class=\"vc_column-inner\"><div class=\"wpb_text_column us_custom_0d13b276 has_text_color\"><div class=\"wpb_wrapper\"><p><strong>Orvosok sz\u00e1m\u00e1ra<\/strong><\/p>\n<\/div><\/div><div class=\"wpb_text_column us_custom_bd580f3b\"><div class=\"wpb_wrapper\"><p>Tov\u00e1bbi inform\u00e1ci\u00f3ra van sz\u00fcks\u00e9ge? Az al\u00e1bbiakban a TRISOMY teszt inform\u00e1ci\u00f3s anyagainak \u00e1tfog\u00f3 \u00e1ttekint\u00e9se tal\u00e1lhat\u00f3. Ha tov\u00e1bbi k\u00e9rd\u00e9sei vannak, k\u00e9rj\u00fck, forduljon <u>orvosi \u00e9rt\u00e9kes\u00edt\u00e9si k\u00e9pvisel\u0151inkhez<\/u> vagy az \u00fcgyf\u00e9lk\u00f6zponthoz a k\u00f6vetkez\u0151 c\u00edmen<br \/>\n<a style=\"color: #53516a; text-decoration: none; font-weight: bold;\" href=\"tel:+421800200%20003%\">0800 003 030<\/a><\/p>\n<\/div><\/div><div class=\"w-image circle_left align_none\"><div class=\"w-image-h\"><img decoding=\"async\" src=\"https:\/\/babygen.sk\/wp-content\/uploads\/2022\/11\/Ellipse-1853_blue.svg\" class=\"attachment-full size-full\" alt=\"\" \/><\/div><\/div><div class=\"w-image circle_mid align_none\"><div class=\"w-image-h\"><img decoding=\"async\" src=\"https:\/\/babygen.sk\/wp-content\/uploads\/2022\/11\/Ellipse-1852_blue.svg\" class=\"attachment-full size-full\" alt=\"\" \/><\/div><\/div><div class=\"w-image circle_right align_none\"><div class=\"w-image-h\"><img decoding=\"async\" src=\"https:\/\/babygen.sk\/wp-content\/uploads\/2022\/11\/Ellipse-1853_blue.svg\" class=\"attachment-full size-full\" alt=\"\" \/><\/div><\/div><\/div><\/div><\/div><\/div><\/section><section class=\"l-section wpb_row height_medium\"><div class=\"l-section-h i-cf\"><div class=\"g-cols vc_row via_grid cols_1 laptops-cols_inherit tablets-cols_inherit mobiles-cols_1 valign_middle type_default\"><div class=\"wpb_column vc_column_container\"><div class=\"vc_column-inner\"><div class=\"g-cols wpb_row us_custom_5dbe6486 via_grid cols_2 laptops-cols_inherit tablets-cols_inherit mobiles-cols_1 valign_middle type_default\"><div class=\"wpb_column vc_column_container\"><div class=\"vc_column-inner\"><div class=\"wpb_text_column us_custom_2bd1eb37\"><div class=\"wpb_wrapper\"><p>TRISOMY teszt, TRISOMY teszt XY, TRISOMY teszt +<\/p>\n<\/div><\/div><\/div><\/div><div class=\"wpb_column vc_column_container\"><div class=\"vc_column-inner\"><div class=\"w-text us_custom_110d2705 has_text_color\"><a href=\"https:\/\/babygen.wpenginepowered.com\/wp-content\/uploads\/2023\/02\/Trisomy_test_brozura_lekari_view.pdf\" class=\"w-text-h\" rel=\"noopener\"><i class=\"far fa-file\"><\/i><span class=\"w-text-value\">PDF let\u00f6lt\u00e9se<\/span><\/a><\/div><\/div><\/div><\/div><div class=\"g-cols wpb_row us_custom_5dbe6486 via_grid cols_2 laptops-cols_inherit tablets-cols_inherit mobiles-cols_1 valign_middle type_default\"><div class=\"wpb_column vc_column_container\"><div class=\"vc_column-inner\"><div class=\"wpb_text_column us_custom_2bd1eb37\"><div class=\"wpb_wrapper\"><p>TRISOMY teszt Teljes<\/p>\n<\/div><\/div><\/div><\/div><div class=\"wpb_column vc_column_container\"><div class=\"vc_column-inner\"><div class=\"w-text us_custom_110d2705 has_text_color\"><a href=\"https:\/\/babygen.wpenginepowered.com\/wp-content\/uploads\/2023\/02\/TTC_LEKARSKA_BROZURA_TT_Complete_view.pdf\" class=\"w-text-h\" rel=\"noopener\"><i class=\"far fa-file\"><\/i><span class=\"w-text-value\">PDF let\u00f6lt\u00e9se<\/span><\/a><\/div><\/div><\/div><\/div><div class=\"g-cols wpb_row us_custom_5dbe6486 via_grid cols_2 laptops-cols_inherit tablets-cols_inherit mobiles-cols_1 valign_middle type_default\"><div class=\"wpb_column vc_column_container\"><div class=\"vc_column-inner\"><div class=\"wpb_text_column us_custom_2bd1eb37\"><div class=\"wpb_wrapper\"><p>Kieg\u00e9sz\u00edt\u0151 vizsg\u00e1lat +SLOS (Smith-Lemli-Opitz-szindr\u00f3ma)<\/p>\n<\/div><\/div><\/div><\/div><div class=\"wpb_column vc_column_container\"><div class=\"vc_column-inner\"><div class=\"w-text us_custom_110d2705 has_text_color\"><a href=\"https:\/\/babygen.wpenginepowered.com\/wp-content\/uploads\/2023\/02\/TTC_BROZURA_VKLADACKA_TT_Complete_SLOS_view.pdf\" class=\"w-text-h\" rel=\"noopener\"><i class=\"far fa-file\"><\/i><span class=\"w-text-value\">PDF let\u00f6lt\u00e9se<\/span><\/a><\/div><\/div><\/div><\/div><\/div><\/div><\/div><\/div><\/section>\n","protected":false},"excerpt":{"rendered":"Orvosok sz\u00e1m\u00e1ra Tov\u00e1bbi inform\u00e1ci\u00f3ra van sz\u00fcks\u00e9ge? Az al\u00e1bbiakban a TRISOMY teszt inform\u00e1ci\u00f3s anyagainak \u00e1tfog\u00f3 \u00e1ttekint\u00e9se tal\u00e1lhat\u00f3. Ha tov\u00e1bbi k\u00e9rd\u00e9sei vannak, k\u00e9rj\u00fck, forduljon orvosi \u00e9rt\u00e9kes\u00edt\u00e9si k\u00e9pvisel\u0151inkhez vagy az \u00fcgyf\u00e9lk\u00f6zponthoz a k\u00f6vetkez\u0151 c\u00edmen 0800 003 030 TRISOMY teszt, TRISOMY teszt XY, TRISOMY teszt + PDF let\u00f6lt\u00e9seTRISOMY teszt Teljes PDF let\u00f6lt\u00e9seKieg\u00e9sz\u00edt\u0151 vizsg\u00e1lat +SLOS (Smith-Lemli-Opitz-szindr\u00f3ma) PDF let\u00f6lt\u00e9se","protected":false},"author":1,"featured_media":0,"parent":0,"menu_order":0,"comment_status":"closed","ping_status":"closed","template":"","meta":{"inline_featured_image":false,"footnotes":""},"class_list":["post-2846","page","type-page","status-publish","hentry"],"acf":[],"_links":{"self":[{"href":"https:\/\/babygen.sk\/hu\/wp-json\/wp\/v2\/pages\/2846","targetHints":{"allow":["GET"]}}],"collection":[{"href":"https:\/\/babygen.sk\/hu\/wp-json\/wp\/v2\/pages"}],"about":[{"href":"https:\/\/babygen.sk\/hu\/wp-json\/wp\/v2\/types\/page"}],"author":[{"embeddable":true,"href":"https:\/\/babygen.sk\/hu\/wp-json\/wp\/v2\/users\/1"}],"replies":[{"embeddable":true,"href":"https:\/\/babygen.sk\/hu\/wp-json\/wp\/v2\/comments?post=2846"}],"version-history":[{"count":0,"href":"https:\/\/babygen.sk\/hu\/wp-json\/wp\/v2\/pages\/2846\/revisions"}],"wp:attachment":[{"href":"https:\/\/babygen.sk\/hu\/wp-json\/wp\/v2\/media?parent=2846"}],"curies":[{"name":"wp","href":"https:\/\/api.w.org\/{rel}","templated":true}]}}