{"id":2847,"date":"2022-10-24T12:50:11","date_gmt":"2022-10-24T11:50:11","guid":{"rendered":"https:\/\/babygen.wpenginepowered.com\/?page_id=2847"},"modified":"2024-07-02T12:06:56","modified_gmt":"2024-07-02T11:06:56","slug":"miert-valassza-babygen","status":"publish","type":"page","link":"https:\/\/babygen.sk\/hu\/miert-valassza-babygen\/","title":{"rendered":"Mi az a BabyGen"},"content":{"rendered":"<section class=\"l-section wpb_row us_custom_bda4c853 trisomy_header_subpage transparented not_overflow height_medium\"><div class=\"l-section-h i-cf\"><div class=\"g-cols vc_row via_grid cols_1 laptops-cols_inherit tablets-cols_inherit mobiles-cols_1 valign_top type_default\"><div class=\"wpb_column vc_column_container\"><div class=\"vc_column-inner\"><div class=\"wpb_text_column us_custom_494870d5 has_text_color\"><div class=\"wpb_wrapper\"><p style=\"text-align: center;\">A <strong>BabyGen <\/strong>egy molekul\u00e1ris teszt<br \/>\na magzat nem\u00e9nek meghat\u00e1roz\u00e1sa<\/p>\n<\/div><\/div><div class=\"w-image circle_left align_none\"><div class=\"w-image-h\"><img decoding=\"async\" src=\"https:\/\/babygen.sk\/wp-content\/uploads\/2022\/11\/Ellipse-1854_blue.svg\" class=\"attachment-full size-full\" alt=\"\" \/><\/div><\/div><div class=\"w-image circle_mid align_none\"><div class=\"w-image-h\"><img decoding=\"async\" src=\"https:\/\/babygen.sk\/wp-content\/uploads\/2022\/11\/Ellipse-1852_blue.svg\" class=\"attachment-full size-full\" alt=\"\" \/><\/div><\/div><div class=\"w-image circle_right align_none\"><div class=\"w-image-h\"><img decoding=\"async\" src=\"https:\/\/babygen.sk\/wp-content\/uploads\/2022\/11\/Ellipse-1853_blue.svg\" class=\"attachment-full size-full\" alt=\"\" \/><\/div><\/div><div class=\"g-cols wpb_row us_custom_898e5c50 trisomy_info_columns via_grid cols_3 laptops-cols_inherit tablets-cols_inherit mobiles-cols_1 valign_top type_default\"><div class=\"wpb_column vc_column_container\"><div class=\"vc_column-inner\"><div class=\"w-image us_custom_dcaab50c align_none\"><div class=\"w-image-h\"><img decoding=\"async\" src=\"https:\/\/babygen.sk\/wp-content\/uploads\/2024\/06\/Group-32-1-1.svg\" class=\"attachment-full size-full\" alt=\"ikona bunky\" \/><\/div><\/div><div class=\"wpb_text_column us_custom_8f7591de has_text_color\"><div class=\"wpb_wrapper\"><p><b>Egyedi<\/b><\/p>\n<\/div><\/div><div class=\"wpb_text_column us_custom_aeec4bb5\"><div class=\"wpb_wrapper\"><p>A magzati kromosz\u00f3ma rendelleness\u00e9gek legsz\u00e9lesebb sk\u00e1l\u00e1j\u00e1t k\u00e9pes elemezni a teljes genomra vonatkoz\u00f3an m\u00e1r 11 \u00e9ves kort\u00f3l. terhess\u00e9gi h\u00e9t.<\/p>\n<\/div><\/div><\/div><\/div><div class=\"wpb_column vc_column_container\"><div class=\"vc_column-inner\"><div class=\"w-image us_custom_dcaab50c align_none\"><div class=\"w-image-h\"><img decoding=\"async\" src=\"https:\/\/babygen.sk\/wp-content\/uploads\/2024\/06\/Group-33-1.svg\" class=\"attachment-full size-full\" alt=\"ikona certifik\u00e1t\" \/><\/div><\/div><div class=\"wpb_text_column us_custom_8f7591de has_text_color\"><div class=\"wpb_wrapper\"><p><b>Megb\u00edzhat\u00f3<\/b><\/p>\n<\/div><\/div><div class=\"wpb_text_column us_custom_aeec4bb5\"><div class=\"wpb_wrapper\"><div class=\"withinfo\">\n<p>T\u00f6bb mint 99,5%-os pontoss\u00e1g<\/p>\n<\/div>\n<\/div><\/div><\/div><\/div><div class=\"wpb_column vc_column_container\"><div class=\"vc_column-inner\"><div class=\"w-image us_custom_dcaab50c align_none\"><div class=\"w-image-h\"><img decoding=\"async\" src=\"https:\/\/babygen.sk\/wp-content\/uploads\/2024\/06\/Group-34-1.svg\" class=\"attachment-full size-full\" alt=\"ikona mikroskop\" \/><\/div><\/div><div class=\"wpb_text_column us_custom_8f7591de has_text_color\"><div class=\"wpb_wrapper\"><p><strong>\u00c1tfog\u00f3<\/strong><\/p>\n<\/div><\/div><div class=\"wpb_text_column us_custom_aeec4bb5\"><div class=\"wpb_wrapper\"><p>R\u00e9szletes magzati DNS-sz\u0171r\u00e9st \u00e9s a pozit\u00edv eredm\u00e9ny ingyenes ellen\u0151rz\u00e9s\u00e9t biztos\u00edtja a GenomeScreen prenat\u00e1lis teszttel v\u00e9gzett magzatv\u00edzvizsg\u00e1lattal.<\/p>\n<\/div><\/div><\/div><\/div><\/div><div class=\"g-cols wpb_row us_custom_49dc4fad trisomy_info_columns last via_grid cols_3 laptops-cols_inherit tablets-cols_inherit mobiles-cols_1 valign_top type_default\"><div class=\"wpb_column vc_column_container\"><div class=\"vc_column-inner\"><div class=\"w-image us_custom_dcaab50c align_none\"><div class=\"w-image-h\"><img decoding=\"async\" src=\"https:\/\/babygen.sk\/wp-content\/uploads\/2024\/06\/Group-35-1.svg\" class=\"attachment-full size-full\" alt=\"ikona\" \/><\/div><\/div><div class=\"wpb_text_column us_custom_8f7591de has_text_color\"><div class=\"wpb_wrapper\"><p><strong>F\u00e1jdalommentes<\/strong><\/p>\n<\/div><\/div><div class=\"wpb_text_column us_custom_aeec4bb5\"><div class=\"wpb_wrapper\"><p>Az anya v\u00e9r\u00e9nek vizsg\u00e1lata.<\/p>\n<\/div><\/div><\/div><\/div><div class=\"wpb_column vc_column_container\"><div class=\"vc_column-inner\"><div class=\"w-image us_custom_dcaab50c align_none\"><div class=\"w-image-h\"><img decoding=\"async\" src=\"https:\/\/babygen.sk\/wp-content\/uploads\/2024\/06\/Group-36-1-1.svg\" class=\"attachment-full size-full\" alt=\"ikona\" \/><\/div><\/div><div class=\"wpb_text_column us_custom_8f7591de has_text_color\"><div class=\"wpb_wrapper\"><p><strong>Gyors<\/strong><\/p>\n<\/div><\/div><div class=\"wpb_text_column us_custom_aeec4bb5\"><div class=\"wpb_wrapper\"><div class=\"withinfo\">\n<p>Eredm\u00e9ny a 10. h\u00e9tt\u0151l el\u00e9rhet\u0151.<\/p>\n<\/div>\n<\/div><\/div><\/div><\/div><div class=\"wpb_column vc_column_container\"><div class=\"vc_column-inner\"><div class=\"w-image us_custom_dcaab50c align_none\"><div class=\"w-image-h\"><img decoding=\"async\" src=\"https:\/\/babygen.sk\/wp-content\/uploads\/2024\/06\/Group-37-1.svg\" class=\"attachment-full size-full\" alt=\"ikona kvapka\" \/><\/div><\/div><div class=\"wpb_text_column us_custom_8f7591de has_text_color\"><div class=\"wpb_wrapper\"><p><strong>Biztons\u00e1gos<\/strong><\/p>\n<\/div><\/div><div class=\"wpb_text_column us_custom_aeec4bb5\"><div class=\"wpb_wrapper\"><p>Nincs kock\u00e1zat a magzatra n\u00e9zve.<\/p>\n<\/div><\/div><\/div><\/div><\/div><\/div><\/div><\/div><\/div><\/section><section class=\"l-section wpb_row us_custom_0332962d height_medium\"><div class=\"l-section-h i-cf\"><div class=\"g-cols vc_row via_grid cols_1 laptops-cols_inherit tablets-cols_inherit mobiles-cols_1 valign_top type_default\"><div class=\"wpb_column vc_column_container\"><div class=\"vc_column-inner\"><div class=\"g-cols wpb_row via_grid cols_1 laptops-cols_inherit tablets-cols_inherit mobiles-cols_1 valign_top type_default\"><div class=\"wpb_column vc_column_container\"><div class=\"vc_column-inner\"><div class=\"wpb_text_column us_custom_7eecdd9d\"><div class=\"wpb_wrapper\"><h3>A v\u00e9rben rejl\u0151 v\u00e1laszok<\/h3>\n<\/div><\/div><div class=\"wpb_text_column us_custom_029e1a8f\"><div class=\"wpb_wrapper\"><p>A <b>BabyGen egy nem invaz\u00edv genetikai sz\u0171r\u0151vizsg\u00e1lat a magzati nemre<\/b>, amelyet egy genetikai laborat\u00f3riumban v\u00e9geznek el az anya v\u00e9rmint\u00e1j\u00e1nak elemz\u00e9s\u00e9vel, m\u00e1r 10 \u00e9ves kort\u00f3l. terhess\u00e9gi h\u00e9t. A DNS-elemz\u00e9sen alapul\u00f3 \u00e9rz\u00e9keny molekul\u00e1ris m\u00f3dszerek k\u00e9pesek azonos\u00edtani az Y-kromosz\u00f3ma jelenl\u00e9t\u00e9t a terhes n\u0151 v\u00e9r\u00e9ben. Jelenleg ez a legpontosabb prenat\u00e1lis teszt a magzat nem\u00e9nek meghat\u00e1roz\u00e1s\u00e1ra, az eredm\u00e9nyt <b>t\u00f6bb mint 99,5%-os pontoss\u00e1ggal<\/b> hat\u00e1rozza meg.<sup>*<\/sup><\/p>\n<p><em><sup>*<\/sup> Az eredm\u00e9nyt t\u00f6bb mint 1500 terhes n\u0151 retrospekt\u00edven \u00e9s prospekt\u00edven elemzett mint\u00e1j\u00e1n valid\u00e1lt\u00e1k.<\/em><\/p>\n<\/div><\/div><\/div><\/div><\/div><\/div><\/div><\/div><\/div><\/section><section class=\"l-section wpb_row us_custom_cde3ee5f height_medium\"><div class=\"l-section-h i-cf\"><div class=\"g-cols vc_row via_grid cols_1 laptops-cols_inherit tablets-cols_inherit mobiles-cols_1 valign_top type_default\"><div class=\"wpb_column vc_column_container\"><div class=\"vc_column-inner\"><div class=\"w-image us_custom_9cf479d2 align_center\"><div class=\"w-image-h\"><img loading=\"lazy\" decoding=\"async\" width=\"1160\" height=\"491\" src=\"https:\/\/babygen.sk\/wp-content\/uploads\/2022\/10\/DSC_0791-2.jpg\" class=\"attachment-full size-full\" alt=\"vzorka\" srcset=\"https:\/\/babygen.sk\/wp-content\/uploads\/2022\/10\/DSC_0791-2.jpg 1160w, https:\/\/babygen.sk\/wp-content\/uploads\/2022\/10\/DSC_0791-2-300x127.jpg 300w, https:\/\/babygen.sk\/wp-content\/uploads\/2022\/10\/DSC_0791-2-1024x433.jpg 1024w\" sizes=\"auto, (max-width: 1160px) 100vw, 1160px\" \/><\/div><\/div><\/div><\/div><\/div><\/div><\/section><section class=\"l-section wpb_row height_medium\"><div class=\"l-section-h i-cf\"><div class=\"g-cols vc_row via_grid cols_1 laptops-cols_inherit tablets-cols_inherit mobiles-cols_1 valign_top type_default\"><div class=\"wpb_column vc_column_container\"><div class=\"vc_column-inner\"><div class=\"g-cols wpb_row us_custom_090e1555 via_grid cols_1 laptops-cols_inherit tablets-cols_inherit mobiles-cols_1 valign_top type_default\"><div class=\"wpb_column vc_column_container\"><div class=\"vc_column-inner\"><div class=\"wpb_text_column us_custom_7eecdd9d  hide_on_default hide_on_laptops\"><div class=\"wpb_wrapper\"><h3>Nem vs. \u00f6r\u00f6kletes betegs\u00e9g<\/h3>\n<\/div><\/div><div class=\"w-hwrapper align_none valign_top\" style=\"--hwrapper-gap:2rem\"><div class=\"wpb_text_column us_custom_a5960e6e  hide_on_tablets hide_on_mobiles\"><div class=\"wpb_wrapper\"><h3>Nem vs. \u00f6r\u00f6kletes betegs\u00e9g<\/h3>\n<\/div><\/div><div class=\"wpb_text_column us_custom_70374859\"><div class=\"wpb_wrapper\"><p>A baba nem\u00e9nek megismer\u00e9se a sz\u00fclet\u00e9s el\u0151tt nemcsak k\u00edv\u00e1ncsis\u00e1gb\u00f3l fontos a leend\u0151 sz\u00fcl\u0151knek, hanem akkor is, ha a baba neme eg\u00e9szs\u00e9g\u00fcgyi szempontb\u00f3l is fontos. Ennek oka lehet p\u00e9ld\u00e1ul <b>egy nemhez k\u00f6t\u00f6tt \u00f6r\u00f6kletes betegs\u00e9g jelenl\u00e9te<\/b>. A leggyakoribb p\u00e9ld\u00e1k a hemof\u00edlia \u00e9s a Duchenne-izomdisztr\u00f3fia, amely az izomdisztr\u00f3fia legs\u00falyosabb form\u00e1ja.<\/p>\n<p>\u00cdgy a klinikailag indokolt nemi meghat\u00e1roz\u00e1s eset\u00e9n a leend\u0151 any\u00e1nak nem felt\u00e9tlen\u00fcl kell al\u00e1vetnie mag\u00e1t egy invaz\u00edv elj\u00e1r\u00e1snak, amelynek sor\u00e1n az orvos magzatv\u00edzmint\u00e1t vesz k\u00f6zvetlen\u00fcl a m\u00e9hb\u0151l.<\/p>\n<\/div><\/div><\/div><\/div><\/div><\/div><\/div><\/div><\/div><\/div><\/section><section class=\"l-section wpb_row us_custom_c09ecb68 height_medium\"><div class=\"l-section-h i-cf\"><div class=\"g-cols vc_row via_grid cols_2 laptops-cols_inherit tablets-cols_inherit mobiles-cols_1 valign_middle type_default\"><div class=\"wpb_column vc_column_container\"><div class=\"vc_column-inner\"><div class=\"wpb_text_column us_custom_f3be95f3 has_text_color\"><div class=\"wpb_wrapper\"><p><b>TRISOMY teszt<\/b><\/p>\n<\/div><\/div><div class=\"w-image us_custom_c86f0a77 imgBehind  hide_on_default hide_on_laptops align_center\"><div class=\"w-image-h\"><img loading=\"lazy\" decoding=\"async\" width=\"360\" height=\"254\" src=\"https:\/\/babygen.sk\/wp-content\/uploads\/2022\/11\/Group-304-1.png\" class=\"attachment-full size-full\" alt=\"certifik\u00e1ty\" srcset=\"https:\/\/babygen.sk\/wp-content\/uploads\/2022\/11\/Group-304-1.png 360w, https:\/\/babygen.sk\/wp-content\/uploads\/2022\/11\/Group-304-1-300x212.png 300w\" sizes=\"auto, (max-width: 360px) 100vw, 360px\" \/><\/div><\/div><div class=\"wpb_text_column us_custom_029e1a8f\"><div class=\"wpb_wrapper\"><p>A magzat nem\u00e9t a prenat\u00e1lis <b>TRISOMY-teszt<\/b> is kimutatja, amely megb\u00edzhat\u00f3an kiz\u00e1rja a gyakori magzati kromosz\u00f3ma rendelleness\u00e9geket, p\u00e9ld\u00e1ul a Down-szindr\u00f3m\u00e1t. <strong><br \/>\n<span class=\"color-pink\"><br \/>\n<a class=\"color:#E8657C\" href=\"http:\/\/www.trisomytest.sk\" target=\"_blank\" rel=\"noopener\">Tov\u00e1bbi inform\u00e1ci\u00f3 a TRISOMY-tesztr\u0151l<\/a><br \/>\n<\/span><br \/>\n<\/strong><\/p>\n<\/div><\/div><\/div><\/div><div class=\"wpb_column vc_column_container\"><div class=\"vc_column-inner\"><div class=\"w-image imgBehind  hide_on_tablets hide_on_mobiles align_center\" id=\"certification\"><a title=\"Tan\u00fas\u00edtv\u00e1nyok\" href=\"#\/\" aria-label=\"Link\" class=\"w-image-h\"><img loading=\"lazy\" decoding=\"async\" width=\"360\" height=\"254\" src=\"https:\/\/babygen.sk\/wp-content\/uploads\/2022\/11\/Group-304-1.png\" class=\"attachment-full size-full\" alt=\"certifik\u00e1ty\" srcset=\"https:\/\/babygen.sk\/wp-content\/uploads\/2022\/11\/Group-304-1.png 360w, https:\/\/babygen.sk\/wp-content\/uploads\/2022\/11\/Group-304-1-300x212.png 300w\" sizes=\"auto, (max-width: 360px) 100vw, 360px\" \/><\/a><\/div><\/div><\/div><\/div><\/div><\/section>\n","protected":false},"excerpt":{"rendered":"A BabyGen egy molekul\u00e1ris teszt a magzat nem\u00e9nek meghat\u00e1roz\u00e1sa Egyedi A magzati kromosz\u00f3ma rendelleness\u00e9gek legsz\u00e9lesebb sk\u00e1l\u00e1j\u00e1t k\u00e9pes elemezni a teljes genomra vonatkoz\u00f3an m\u00e1r 11 \u00e9ves kort\u00f3l. terhess\u00e9gi h\u00e9t. Megb\u00edzhat\u00f3 T\u00f6bb mint 99,5%-os pontoss\u00e1g \u00c1tfog\u00f3 R\u00e9szletes magzati DNS-sz\u0171r\u00e9st \u00e9s a pozit\u00edv eredm\u00e9ny ingyenes ellen\u0151rz\u00e9s\u00e9t biztos\u00edtja a GenomeScreen prenat\u00e1lis teszttel v\u00e9gzett magzatv\u00edzvizsg\u00e1lattal. F\u00e1jdalommentes Az anya v\u00e9r\u00e9nek vizsg\u00e1lata....","protected":false},"author":1,"featured_media":0,"parent":0,"menu_order":0,"comment_status":"closed","ping_status":"closed","template":"","meta":{"inline_featured_image":false,"footnotes":""},"class_list":["post-2847","page","type-page","status-publish","hentry"],"acf":[],"_links":{"self":[{"href":"https:\/\/babygen.sk\/hu\/wp-json\/wp\/v2\/pages\/2847","targetHints":{"allow":["GET"]}}],"collection":[{"href":"https:\/\/babygen.sk\/hu\/wp-json\/wp\/v2\/pages"}],"about":[{"href":"https:\/\/babygen.sk\/hu\/wp-json\/wp\/v2\/types\/page"}],"author":[{"embeddable":true,"href":"https:\/\/babygen.sk\/hu\/wp-json\/wp\/v2\/users\/1"}],"replies":[{"embeddable":true,"href":"https:\/\/babygen.sk\/hu\/wp-json\/wp\/v2\/comments?post=2847"}],"version-history":[{"count":0,"href":"https:\/\/babygen.sk\/hu\/wp-json\/wp\/v2\/pages\/2847\/revisions"}],"wp:attachment":[{"href":"https:\/\/babygen.sk\/hu\/wp-json\/wp\/v2\/media?parent=2847"}],"curies":[{"name":"wp","href":"https:\/\/api.w.org\/{rel}","templated":true}]}}