{"id":2849,"date":"2022-11-24T10:07:13","date_gmt":"2022-11-24T09:07:13","guid":{"rendered":"https:\/\/babygen.wpenginepowered.com\/?page_id=2849"},"modified":"2024-07-01T17:42:42","modified_gmt":"2024-07-01T16:42:42","slug":"trisomy-test-2","status":"publish","type":"page","link":"https:\/\/babygen.sk\/hu\/trisomy-test-2\/","title":{"rendered":"Aj\u00e1nl\u00e1sok"},"content":{"rendered":"<section class=\"l-section wpb_row us_custom_bda4c853 trisomy_header_subpage height_medium\"><div class=\"l-section-h i-cf\"><div class=\"g-cols vc_row via_grid cols_1 laptops-cols_inherit tablets-cols_inherit mobiles-cols_1 valign_top type_default\"><div class=\"wpb_column vc_column_container\"><div class=\"vc_column-inner\"><div class=\"wpb_text_column us_custom_d572b416 has_text_color us_animate_this\"><div class=\"wpb_wrapper\"><p><strong>Fi\u00fa vagy l\u00e1ny?<\/strong><\/p>\n<\/div><\/div><div class=\"wpb_text_column us_custom_f1ac6179\"><div class=\"wpb_wrapper\"><p>Sz\u00fcl\u0151k sz\u00e1zai pr\u00f3b\u00e1lt\u00e1k m\u00e1r ki a BabyGen genetikai tesztet. K\u00fcl\u00f6nb\u00f6z\u0151 motiv\u00e1ci\u00f3kkal rendelkeznek, de egyet\u00e9rtenek abban, hogy a teszt megb\u00edzhat\u00f3, \u00e9s az eredm\u00e9nyek nagyon gyorsan rendelkez\u00e9sre \u00e1llnak.<\/p>\n<\/div><\/div><div class=\"w-image circle_left align_none\"><div class=\"w-image-h\"><img decoding=\"async\" src=\"https:\/\/babygen.sk\/wp-content\/uploads\/2022\/11\/Ellipse-1853_blue.svg\" class=\"attachment-full size-full\" alt=\"\" \/><\/div><\/div><div class=\"w-image circle_mid align_none\"><div class=\"w-image-h\"><img decoding=\"async\" src=\"https:\/\/babygen.sk\/wp-content\/uploads\/2022\/11\/Ellipse-1852_blue.svg\" class=\"attachment-full size-full\" alt=\"\" \/><\/div><\/div><div class=\"w-image circle_right align_none\"><div class=\"w-image-h\"><img decoding=\"async\" src=\"https:\/\/babygen.sk\/wp-content\/uploads\/2022\/11\/Ellipse-1853_blue.svg\" class=\"attachment-full size-full\" alt=\"\" \/><\/div><\/div><\/div><\/div><\/div><\/div><\/section><section class=\"l-section wpb_row us_custom_60e9caca us_animate_this height_medium\"><div class=\"l-section-h i-cf\"><div class=\"g-cols vc_row via_grid cols_1 laptops-cols_inherit tablets-cols_inherit mobiles-cols_1 valign_top type_default\"><div class=\"wpb_column vc_column_container\"><div class=\"vc_column-inner\"><div class=\"wpb_text_column us_custom_5f10f00d us_animate_this\"><div class=\"wpb_wrapper\"><h2 class=\"featured-reference__title\" style=\"text-align: center;\">Az emberek tapasztalata<\/h2>\n<\/div><\/div><div id=\"ult-carousel-204878135469f4461c58ef2\" class=\"ult-carousel-wrapper  trisomy_slider ult_horizontal\" data-gutter=\"15\" data-rtl=\"false\" ><div class=\"ult-carousel-125439700969f4461c58e8d \" ><div class=\"ult-item-wrap\" data-animation=\"animated no-animation\"><div class=\"g-cols wpb_row us_custom_4f953b7d via_grid cols_1 laptops-cols_inherit tablets-cols_inherit mobiles-cols_1 valign_middle type_default\" style=\"grid-gap:0;\"><div class=\"ult-item-wrap\" data-animation=\"animated no-animation\"><div class=\"wpb_column vc_column_container\"><div class=\"vc_column-inner\"><div class=\"ult-item-wrap\" data-animation=\"animated no-animation\"><div class=\"wpb_text_column\"><div class=\"wpb_wrapper\"><p style=\"text-align: center;\">&#8222;Amikor \u00f6t \u00e9vvel ezel\u0151tt, 12 hetes terhesen megk\u00e9rdeztem a n\u0151gy\u00f3gy\u00e1szt az ultrahangvizsg\u00e1laton, hogy fi\u00fa vagy l\u00e1ny lesz-e, \u00fagy n\u00e9zett r\u00e1m, mintha egy m\u00e1sik bolyg\u00f3r\u00f3l j\u00f6ttem volna. Azt mondta, hogy a terhess\u00e9gnek ebben a szakasz\u00e1ban el\u00e9gg\u00e9 helytelen k\u00e9rd\u00e9st feltenni, mert azt mondta, hogy csodagoly\u00f3 kell hozz\u00e1. A j\u00f3 h\u00edr a leend\u0151 anyuk\u00e1knak, hogy ez m\u00e1r a m\u00falt\u00e9&#8221;.<\/p>\n<\/div><\/div><\/div><div class=\"ult-item-wrap\" data-animation=\"animated no-animation\"><div class=\"wpb_text_column us_custom_624d44ab has_text_color\"><div class=\"wpb_wrapper\"><p>Ren\u00e1ta, 33 \u00e9ves.<br \/>\nNov\u00e1 Dubnica<\/p>\n<\/div><\/div><\/div><\/div><\/div><\/div><\/div><\/div><div class=\"ult-item-wrap\" data-animation=\"animated no-animation\"><div class=\"g-cols wpb_row us_custom_4f953b7d via_grid cols_1 laptops-cols_inherit tablets-cols_inherit mobiles-cols_1 valign_middle type_default\" style=\"grid-gap:0;\"><div class=\"ult-item-wrap\" data-animation=\"animated no-animation\"><div class=\"wpb_column vc_column_container\"><div class=\"vc_column-inner\"><div class=\"ult-item-wrap\" data-animation=\"animated no-animation\"><div class=\"wpb_text_column\"><div class=\"wpb_wrapper\"><p style=\"text-align: center;\">&#8222;N\u00e9gy fiunk van, \u00e9s \u00e9n nagyon szerettem volna egy kisl\u00e1nyt. Nem tudtam elk\u00e9pzelni, hogy 9 h\u00f3napot v\u00e1rjak, hogy biztosan megtudjam, hogy milyen a helyzet &#8211; v\u00e9g\u00fcl is, n\u00e9ha nem lehet 100%-ban megmondani egy ultrahangon. Nagyon izgatott voltam a vizsg\u00e1lati eredm\u00e9nyek miatt. Egy hercegn\u0151 sz\u00fcletett!&#8221;<\/p>\n<\/div><\/div><\/div><div class=\"ult-item-wrap\" data-animation=\"animated no-animation\"><div class=\"wpb_text_column us_custom_624d44ab has_text_color\"><div class=\"wpb_wrapper\"><p>Eduard, 29 \u00e9ves.<br \/>\nPozsony<\/p>\n<\/div><\/div><\/div><\/div><\/div><\/div><\/div><\/div><div class=\"ult-item-wrap\" data-animation=\"animated no-animation\"><div class=\"g-cols wpb_row us_custom_4f953b7d via_grid cols_1 laptops-cols_inherit tablets-cols_inherit mobiles-cols_1 valign_middle type_default\" style=\"grid-gap:0;\"><div class=\"ult-item-wrap\" data-animation=\"animated no-animation\"><div class=\"wpb_column vc_column_container\"><div class=\"vc_column-inner\"><div class=\"ult-item-wrap\" data-animation=\"animated no-animation\"><div class=\"wpb_text_column\"><div class=\"wpb_wrapper\"><p style=\"text-align: center;\">&#8222;El sem tudn\u00e1m k\u00e9pzelni, hogy v\u00e1rjak az ultrahangra. \u00dagy d\u00f6nt\u00f6ttem (puszt\u00e1n k\u00edv\u00e1ncsis\u00e1gb\u00f3l), hogy egyszer\u0171en tudni akarom, mire v\u00e1runk, m\u00e9ghozz\u00e1 min\u00e9l hamarabb! Kellemes meglepet\u00e9s volt, hogy a laborb\u00f3l nagyon gyorsan visszaj\u00f6ttek a vizsg\u00e1lati eredm\u00e9nyek. \u00cdgy t\u00e9nyleg t\u00f6k\u00e9letesen fel tudtunk k\u00e9sz\u00fclni a Lucyra.&#8221;<\/p>\n<\/div><\/div><\/div><div class=\"ult-item-wrap\" data-animation=\"animated no-animation\"><div class=\"wpb_text_column us_custom_624d44ab has_text_color\"><div class=\"wpb_wrapper\"><p>Zuzana, 31 \u00e9ves.<br \/>\n\u017dilina<\/p>\n<\/div><\/div><\/div><\/div><\/div><\/div><\/div><\/div><\/div><\/div>\t\t\t<script type=\"text\/javascript\">\r\n\t\t\t\tjQuery(document).ready(function ($) {\r\n\t\t\t\t\tif( typeof jQuery('.ult-carousel-125439700969f4461c58e8d').slick == \"function\"){\r\n\t\t\t\t\t\t$('.ult-carousel-125439700969f4461c58e8d').slick({dots: true,autoplay: true,autoplaySpeed: 5000,speed: 300,infinite: true,arrows: true,nextArrow: '<button type=\"button\" role=\"button\" aria-label=\"Next\" style=\"color:#433249; font-size:11px;background:#ffffff;\" class=\"slick-next circle-bg\"><i class=\"ultsl-arrow-right6\"><\/i><\/button>',prevArrow: '<button type=\"button\" role=\"button\" aria-label=\"Previous\" style=\"color:#433249; font-size:11px;background:#ffffff;\" class=\"slick-prev circle-bg\"><i class=\"ultsl-arrow-left6\"><\/i><\/button>',slidesToScroll:1,slidesToShow:1,swipe: true,draggable: true,touchMove: true,pauseOnHover: true,pauseOnFocus: false,responsive: [\r\n\t\t\t\t\t\t\t{\r\n\t\t\t\t\t\t\t  breakpoint: 1026,\r\n\t\t\t\t\t\t\t  settings: {\r\n\t\t\t\t\t\t\t\tslidesToShow: 1,\r\n\t\t\t\t\t\t\t\tslidesToScroll: 1,  \r\n\t\t\t\t\t\t\t  }\r\n\t\t\t\t\t\t\t},\r\n\t\t\t\t\t\t\t{\r\n\t\t\t\t\t\t\t  breakpoint: 1025,\r\n\t\t\t\t\t\t\t  settings: {\r\n\t\t\t\t\t\t\t\tslidesToShow: 1,\r\n\t\t\t\t\t\t\t\tslidesToScroll: 1\r\n\t\t\t\t\t\t\t  }\r\n\t\t\t\t\t\t\t},\r\n\t\t\t\t\t\t\t{\r\n\t\t\t\t\t\t\t  breakpoint: 760,\r\n\t\t\t\t\t\t\t  settings: {\r\n\t\t\t\t\t\t\t\tslidesToShow: 1,\r\n\t\t\t\t\t\t\t\tslidesToScroll: 1\r\n\t\t\t\t\t\t\t  }\r\n\t\t\t\t\t\t\t}\r\n\t\t\t\t\t\t],pauseOnDotsHover: true,customPaging: function(slider, i) {\r\n                   return '<i type=\"button\" style= \"color:#333333;\" class=\"ultsl-stop\" data-role=\"none\"><\/i>';\r\n                },});\r\n\t\t\t\t\t}\r\n\t\t\t\t});\r\n\t\t\t<\/script>\r\n\t\t\t<\/div><\/div><\/div><\/div><\/section>\n","protected":false},"excerpt":{"rendered":"Fi\u00fa vagy l\u00e1ny? Sz\u00fcl\u0151k sz\u00e1zai pr\u00f3b\u00e1lt\u00e1k m\u00e1r ki a BabyGen genetikai tesztet. K\u00fcl\u00f6nb\u00f6z\u0151 motiv\u00e1ci\u00f3kkal rendelkeznek, de egyet\u00e9rtenek abban, hogy a teszt megb\u00edzhat\u00f3, \u00e9s az eredm\u00e9nyek nagyon gyorsan rendelkez\u00e9sre \u00e1llnak. Az emberek tapasztalata &#8222;Amikor \u00f6t \u00e9vvel ezel\u0151tt, 12 hetes terhesen megk\u00e9rdeztem a n\u0151gy\u00f3gy\u00e1szt az ultrahangvizsg\u00e1laton, hogy fi\u00fa vagy l\u00e1ny lesz-e, \u00fagy n\u00e9zett r\u00e1m, mintha egy m\u00e1sik...","protected":false},"author":1,"featured_media":0,"parent":0,"menu_order":0,"comment_status":"closed","ping_status":"closed","template":"","meta":{"inline_featured_image":false,"footnotes":""},"class_list":["post-2849","page","type-page","status-publish","hentry"],"acf":[],"_links":{"self":[{"href":"https:\/\/babygen.sk\/hu\/wp-json\/wp\/v2\/pages\/2849","targetHints":{"allow":["GET"]}}],"collection":[{"href":"https:\/\/babygen.sk\/hu\/wp-json\/wp\/v2\/pages"}],"about":[{"href":"https:\/\/babygen.sk\/hu\/wp-json\/wp\/v2\/types\/page"}],"author":[{"embeddable":true,"href":"https:\/\/babygen.sk\/hu\/wp-json\/wp\/v2\/users\/1"}],"replies":[{"embeddable":true,"href":"https:\/\/babygen.sk\/hu\/wp-json\/wp\/v2\/comments?post=2849"}],"version-history":[{"count":0,"href":"https:\/\/babygen.sk\/hu\/wp-json\/wp\/v2\/pages\/2849\/revisions"}],"wp:attachment":[{"href":"https:\/\/babygen.sk\/hu\/wp-json\/wp\/v2\/media?parent=2849"}],"curies":[{"name":"wp","href":"https:\/\/api.w.org\/{rel}","templated":true}]}}